{"id":3,"date":"2022-11-23T18:06:07","date_gmt":"2022-11-23T17:06:07","guid":{"rendered":"https:\/\/kamille-levequejego.com\/?page_id=3"},"modified":"2023-02-16T11:11:12","modified_gmt":"2023-02-16T10:11:12","slug":"politique-de-confidentialite","status":"publish","type":"page","link":"https:\/\/kamille-levequejego.com\/en\/politique-de-confidentialite\/","title":{"rendered":"Privacy Policy"},"content":{"rendered":"<div data-elementor-type=\"wp-page\" data-elementor-id=\"3\" class=\"elementor elementor-3\">\n\t\t\t\t\t\t<section class=\"elementor-section elementor-top-section elementor-element elementor-element-1b7e1548 elementor-section-boxed elementor-section-height-default elementor-section-height-default\" data-id=\"1b7e1548\" data-element_type=\"section\">\n\t\t\t\t\t\t<div class=\"elementor-container elementor-column-gap-default\">\n\t\t\t\t\t<div class=\"elementor-column elementor-col-100 elementor-top-column elementor-element elementor-element-2d769f0d\" data-id=\"2d769f0d\" data-element_type=\"column\">\n\t\t\t<div class=\"elementor-widget-wrap elementor-element-populated\">\n\t\t\t\t\t\t<div class=\"elementor-element elementor-element-db1695e elementor-widget elementor-widget-heading\" data-id=\"db1695e\" data-element_type=\"widget\" data-widget_type=\"heading.default\">\n\t\t\t\t<div class=\"elementor-widget-container\">\n\t\t\t\t\t<h1 class=\"elementor-heading-title elementor-size-default\">Privacy Policy<\/h1>\t\t\t\t<\/div>\n\t\t\t\t<\/div>\n\t\t\t\t<div class=\"elementor-element elementor-element-50a65bf8 elementor-widget elementor-widget-text-editor\" data-id=\"50a65bf8\" data-element_type=\"widget\" data-widget_type=\"text-editor.default\">\n\t\t\t\t<div class=\"elementor-widget-container\">\n\t\t\t\t\t\t\t\t\t\n<h2 class=\"wp-block-heading\">Who are we?<\/h2>\n\n<p>Our website address is: <a href=\"https:\/\/kamille-levequejego.com\/en\/\">https:\/\/kamille-levequejego.com<\/a>.<\/p>\n\n<h2 class=\"wp-block-heading\">Use of personal data collected<\/h2>\n<h3>Comments<\/h3>\n\n<p>When you leave a comment on our site, the data entered in the comment form, but also your IP address and the user agent of your browser are collected to help us detect unwanted comments.<\/p>\n\n<p>An anonymized string created from your email address (also called a hash) can be sent to the Gravatar service to check if you are using it. The Gravatar service privacy notices are available here: <a href=\"https:\/\/automattic.com\/privacy\/\">https:\/\/automattic.com\/privacy\/<\/a>. After validation of your comment, your profile photo will be publicly visible next to your comment.<\/p>\n\n<h3 class=\"wp-block-heading\">Media<\/h3>\n\n<p>If you upload images to the site, we advise you to avoid uploading images containing EXIF \u200b\u200bdata of GPS coordinates. People visiting your site can download and extract location data from these images.<\/p>\n<h3>Contact form<\/h3>\n<p>No user data is stored when sending a message through the contact form.<\/p>\n\n<h3 class=\"wp-block-heading\">Cookies<\/h3>\n\n<p>If you leave a comment on our site, you will be offered to save your name, e-mail address and site in cookies. This is only for your convenience so that you do not have to enter this information if you leave another comment later. These cookies expire after one year.<\/p>\n\n<p>If you go to the login page, a temporary cookie will be created to determine if your browser accepts cookies. It does not contain personal data and will be deleted automatically when you close your browser.<\/p>\n\n<p>When you log in, we will set a number of cookies to save your login details and screen preferences. The lifetime of a connection cookie is two days, that of a screen option cookie is one year. If you check \"Remember me\", your login cookie will be stored for two weeks. If you log out of your account, the login cookie will be erased.<\/p>\n\n<p>When you log in, we will set a number of cookies to save your login details and screen preferences. The lifetime of a connection cookie is two days, that of a screen option cookie is one year. If you check \"Remember me\", your login cookie will be stored for two weeks. If you log out of your account, the login cookie will be erased.<\/p>\n\n<h3 class=\"wp-block-heading\">Embedded content from other sites<\/h3>\n\n<p>Articles on this site may include embedded content (e.g. videos, images, articles, etc.). Content embedded from other sites behaves the same as if the visitor were to that other site.<\/p>\n\n<p>These websites could collect data about you, use cookies, embed third-party tracking tools, track your interactions with this embedded content if you have an account connected to their website.<\/p>\n<h3>Statistics and audience measurements<\/h3>\n<p>Audience measurement and the collection of statistics are provided by the Google Analytics service. The confidentiality rules relating to this service can be consulted at the following address:\u00a0<a href=\"https:\/\/policies.google.com\/privacy?hl=fr\" target=\"_blank\" rel=\"noreferrer noopener\">https:\/\/policies.google.com\/privacy?hl=fr<\/a><\/p>\n\n<h2 class=\"wp-block-heading\">Use and transmission of your personal data<\/h2>\n\n<p>The personal data collected on the site will not be used for commercial purposes, they will only be used to ensure the smooth running of the user's navigation as well as in the context of transactions and reservations within the company.<\/p>\n<p>If you request a password reset, your IP address will be included in the reset email.<\/p>\n\n<h2 class=\"wp-block-heading\">Storage times for your data<\/h2>\n\n<p>If you leave a comment, the comment and its metadata are retained indefinitely. This automatically recognizes and approves subsequent comments instead of leaving them in the moderation queue.<\/p>\n\n<p>For accounts that register on our site (if applicable), we also store the personal data listed in their profile. All accounts can see, modify or delete their personal information at any time (except their identifier). Site managers can also view and edit this information.<\/p>\n\n<h2 class=\"wp-block-heading\">The rights you have over your data<\/h2>\n\n<p>If you have an account or if you have left comments on the site, you can request to receive a file containing all the personal data that we have about you, including those that you have provided to us. You can also request the deletion of personal data concerning you. This does not take into account data stored for administrative, legal or security reasons.<\/p>\n\n<h2 class=\"wp-block-heading\">Transmission of your personal data<\/h2>\n\n<p>Visitor comments may be checked through an automated spam detection service.<\/p>\n<h2>Contact information<\/h2>\n<p>For any request relating to the privacy policy on this site, you can send a message via the contact form or to the e-mail address: <a href=\"mailto:k.levequejego@gmail.com\">k.levequejego@gmail.com<\/a><\/p>\n<h2>Additional Information<\/h2>\n<h3>How we protect your data<\/h3>\n<p>The personal data of users kept on our site are stored on servers guaranteeing their security.<\/p>\n<h3>Procedures implemented in the event of a data leak<\/h3>\n<p>In the event of a data leak, everything will be done to identify the source of the problem and correct it as soon as possible.<\/p>\n\t\t\t\t\t\t\t\t<\/div>\n\t\t\t\t<\/div>\n\t\t\t\t\t<\/div>\n\t\t<\/div>\n\t\t\t\t\t<\/div>\n\t\t<\/section>\n\t\t\t\t<\/div>","protected":false},"excerpt":{"rendered":"<p>Politique de confidentialit\u00e9 Qui sommes-nous\u00a0? L\u2019adresse de notre site est : https:\/\/kamille-levequejego.com. Utilisation des donn\u00e9es personnelles collect\u00e9es Commentaires Quand vous laissez un commentaire sur notre site, les donn\u00e9es inscrites dans le formulaire de commentaire, mais aussi votre adresse IP et l\u2019agent utilisateur de votre navigateur sont collect\u00e9s pour nous aider \u00e0 la d\u00e9tection des commentaires [&hellip;]<\/p>","protected":false},"author":1,"featured_media":0,"parent":0,"menu_order":0,"comment_status":"closed","ping_status":"open","template":"","meta":{"footnotes":""},"class_list":["post-3","page","type-page","status-publish","hentry"],"yoast_head":"<!-- This site is optimized with the Yoast SEO plugin v20.1 - https:\/\/yoast.com\/wordpress\/plugins\/seo\/ -->\n<title>Politique de confidentialit\u00e9 | Kamille L\u00e9v\u00eaque J\u00e9go - Artiste Photographe<\/title>\n<meta name=\"robots\" content=\"index, follow, max-snippet:-1, max-image-preview:large, max-video-preview:-1\" \/>\n<link rel=\"canonical\" href=\"https:\/\/kamille-levequejego.com\/en\/politique-de-confidentialite\/\" \/>\n<meta property=\"og:locale\" content=\"en_US\" \/>\n<meta property=\"og:type\" content=\"article\" \/>\n<meta property=\"og:title\" content=\"Politique de confidentialit\u00e9 | Kamille L\u00e9v\u00eaque J\u00e9go - Artiste Photographe\" \/>\n<meta property=\"og:description\" content=\"Politique de confidentialit\u00e9 Qui sommes-nous\u00a0? L\u2019adresse de notre site est : https:\/\/kamille-levequejego.com. Utilisation des donn\u00e9es personnelles collect\u00e9es Commentaires Quand vous laissez un commentaire sur notre site, les donn\u00e9es inscrites dans le formulaire de commentaire, mais aussi votre adresse IP et l\u2019agent utilisateur de votre navigateur sont collect\u00e9s pour nous aider \u00e0 la d\u00e9tection des commentaires [&hellip;]\" \/>\n<meta property=\"og:url\" content=\"https:\/\/kamille-levequejego.com\/en\/politique-de-confidentialite\/\" \/>\n<meta property=\"og:site_name\" content=\"Kamille L\u00e9v\u00eaque J\u00e9go - Artiste Photographe\" \/>\n<meta property=\"article:publisher\" content=\"https:\/\/www.facebook.com\/k.levequejego\/?locale=fr_FR\" \/>\n<meta property=\"article:modified_time\" content=\"2023-02-16T10:11:12+00:00\" \/>\n<meta property=\"og:image\" content=\"https:\/\/kamille-levequejego.com\/wp-content\/uploads\/2022\/11\/benzine-cyprine-accueil.jpg\" \/>\n\t<meta property=\"og:image:width\" content=\"1920\" \/>\n\t<meta property=\"og:image:height\" content=\"1274\" \/>\n\t<meta property=\"og:image:type\" content=\"image\/jpeg\" \/>\n<meta name=\"twitter:card\" content=\"summary_large_image\" \/>\n<meta name=\"twitter:label1\" content=\"Est. reading time\" \/>\n\t<meta name=\"twitter:data1\" content=\"5 minutes\" \/>\n<script type=\"application\/ld+json\" class=\"yoast-schema-graph\">{\"@context\":\"https:\/\/schema.org\",\"@graph\":[{\"@type\":\"WebPage\",\"@id\":\"https:\/\/kamille-levequejego.com\/politique-de-confidentialite\/\",\"url\":\"https:\/\/kamille-levequejego.com\/politique-de-confidentialite\/\",\"name\":\"Politique de confidentialit\u00e9 | Kamille L\u00e9v\u00eaque J\u00e9go - Artiste Photographe\",\"isPartOf\":{\"@id\":\"https:\/\/kamille-levequejego.com\/#website\"},\"datePublished\":\"2022-11-23T17:06:07+00:00\",\"dateModified\":\"2023-02-16T10:11:12+00:00\",\"breadcrumb\":{\"@id\":\"https:\/\/kamille-levequejego.com\/politique-de-confidentialite\/#breadcrumb\"},\"inLanguage\":\"en-US\",\"potentialAction\":[{\"@type\":\"ReadAction\",\"target\":[\"https:\/\/kamille-levequejego.com\/politique-de-confidentialite\/\"]}]},{\"@type\":\"BreadcrumbList\",\"@id\":\"https:\/\/kamille-levequejego.com\/politique-de-confidentialite\/#breadcrumb\",\"itemListElement\":[{\"@type\":\"ListItem\",\"position\":1,\"name\":\"Accueil\",\"item\":\"https:\/\/kamille-levequejego.com\/\"},{\"@type\":\"ListItem\",\"position\":2,\"name\":\"Politique de confidentialit\u00e9\"}]},{\"@type\":\"WebSite\",\"@id\":\"https:\/\/kamille-levequejego.com\/#website\",\"url\":\"https:\/\/kamille-levequejego.com\/\",\"name\":\"Kamille L\u00e9v\u00eaque J\u00e9go - Artiste Photographe\",\"description\":\"\",\"publisher\":{\"@id\":\"https:\/\/kamille-levequejego.com\/#organization\"},\"potentialAction\":[{\"@type\":\"SearchAction\",\"target\":{\"@type\":\"EntryPoint\",\"urlTemplate\":\"https:\/\/kamille-levequejego.com\/?s={search_term_string}\"},\"query-input\":\"required name=search_term_string\"}],\"inLanguage\":\"en-US\"},{\"@type\":\"Organization\",\"@id\":\"https:\/\/kamille-levequejego.com\/#organization\",\"name\":\"Kamille L\u00e9v\u00eaque J\u00e9go\",\"url\":\"https:\/\/kamille-levequejego.com\/\",\"logo\":{\"@type\":\"ImageObject\",\"inLanguage\":\"en-US\",\"@id\":\"https:\/\/kamille-levequejego.com\/#\/schema\/logo\/image\/\",\"url\":\"https:\/\/kamille-levequejego.com\/wp-content\/uploads\/2023\/02\/logo-kamille-levequejego_gris.png\",\"contentUrl\":\"https:\/\/kamille-levequejego.com\/wp-content\/uploads\/2023\/02\/logo-kamille-levequejego_gris.png\",\"width\":328,\"height\":396,\"caption\":\"Kamille L\u00e9v\u00eaque J\u00e9go\"},\"image\":{\"@id\":\"https:\/\/kamille-levequejego.com\/#\/schema\/logo\/image\/\"},\"sameAs\":[\"https:\/\/www.facebook.com\/k.levequejego\/?locale=fr_FR\",\"https:\/\/www.instagram.com\/kamille_levequejego\/?hl=fr\"]}]}<\/script>\n<!-- \/ Yoast SEO plugin. -->","yoast_head_json":{"title":"Politique de confidentialit\u00e9 | Kamille L\u00e9v\u00eaque J\u00e9go - Artiste Photographe","robots":{"index":"index","follow":"follow","max-snippet":"max-snippet:-1","max-image-preview":"max-image-preview:large","max-video-preview":"max-video-preview:-1"},"canonical":"https:\/\/kamille-levequejego.com\/en\/politique-de-confidentialite\/","og_locale":"en_US","og_type":"article","og_title":"Politique de confidentialit\u00e9 | Kamille L\u00e9v\u00eaque J\u00e9go - Artiste Photographe","og_description":"Politique de confidentialit\u00e9 Qui sommes-nous\u00a0? L\u2019adresse de notre site est : https:\/\/kamille-levequejego.com. Utilisation des donn\u00e9es personnelles collect\u00e9es Commentaires Quand vous laissez un commentaire sur notre site, les donn\u00e9es inscrites dans le formulaire de commentaire, mais aussi votre adresse IP et l\u2019agent utilisateur de votre navigateur sont collect\u00e9s pour nous aider \u00e0 la d\u00e9tection des commentaires [&hellip;]","og_url":"https:\/\/kamille-levequejego.com\/en\/politique-de-confidentialite\/","og_site_name":"Kamille L\u00e9v\u00eaque J\u00e9go - Artiste Photographe","article_publisher":"https:\/\/www.facebook.com\/k.levequejego\/?locale=fr_FR","article_modified_time":"2023-02-16T10:11:12+00:00","og_image":[{"width":1920,"height":1274,"url":"https:\/\/kamille-levequejego.com\/wp-content\/uploads\/2022\/11\/benzine-cyprine-accueil.jpg","type":"image\/jpeg"}],"twitter_card":"summary_large_image","twitter_misc":{"Est. reading time":"5 minutes"},"schema":{"@context":"https:\/\/schema.org","@graph":[{"@type":"WebPage","@id":"https:\/\/kamille-levequejego.com\/politique-de-confidentialite\/","url":"https:\/\/kamille-levequejego.com\/politique-de-confidentialite\/","name":"Politique de confidentialit\u00e9 | Kamille L\u00e9v\u00eaque J\u00e9go - Artiste Photographe","isPartOf":{"@id":"https:\/\/kamille-levequejego.com\/#website"},"datePublished":"2022-11-23T17:06:07+00:00","dateModified":"2023-02-16T10:11:12+00:00","breadcrumb":{"@id":"https:\/\/kamille-levequejego.com\/politique-de-confidentialite\/#breadcrumb"},"inLanguage":"en-US","potentialAction":[{"@type":"ReadAction","target":["https:\/\/kamille-levequejego.com\/politique-de-confidentialite\/"]}]},{"@type":"BreadcrumbList","@id":"https:\/\/kamille-levequejego.com\/politique-de-confidentialite\/#breadcrumb","itemListElement":[{"@type":"ListItem","position":1,"name":"Accueil","item":"https:\/\/kamille-levequejego.com\/"},{"@type":"ListItem","position":2,"name":"Politique de confidentialit\u00e9"}]},{"@type":"WebSite","@id":"https:\/\/kamille-levequejego.com\/#website","url":"https:\/\/kamille-levequejego.com\/","name":"Kamille L\u00e9v\u00eaque J\u00e9go - Artiste Photographe","description":"","publisher":{"@id":"https:\/\/kamille-levequejego.com\/#organization"},"potentialAction":[{"@type":"SearchAction","target":{"@type":"EntryPoint","urlTemplate":"https:\/\/kamille-levequejego.com\/?s={search_term_string}"},"query-input":"required name=search_term_string"}],"inLanguage":"en-US"},{"@type":"Organization","@id":"https:\/\/kamille-levequejego.com\/#organization","name":"Kamille L\u00e9v\u00eaque J\u00e9go","url":"https:\/\/kamille-levequejego.com\/","logo":{"@type":"ImageObject","inLanguage":"en-US","@id":"https:\/\/kamille-levequejego.com\/#\/schema\/logo\/image\/","url":"https:\/\/kamille-levequejego.com\/wp-content\/uploads\/2023\/02\/logo-kamille-levequejego_gris.png","contentUrl":"https:\/\/kamille-levequejego.com\/wp-content\/uploads\/2023\/02\/logo-kamille-levequejego_gris.png","width":328,"height":396,"caption":"Kamille L\u00e9v\u00eaque J\u00e9go"},"image":{"@id":"https:\/\/kamille-levequejego.com\/#\/schema\/logo\/image\/"},"sameAs":["https:\/\/www.facebook.com\/k.levequejego\/?locale=fr_FR","https:\/\/www.instagram.com\/kamille_levequejego\/?hl=fr"]}]}},"_links":{"self":[{"href":"https:\/\/kamille-levequejego.com\/en\/wp-json\/wp\/v2\/pages\/3","targetHints":{"allow":["GET"]}}],"collection":[{"href":"https:\/\/kamille-levequejego.com\/en\/wp-json\/wp\/v2\/pages"}],"about":[{"href":"https:\/\/kamille-levequejego.com\/en\/wp-json\/wp\/v2\/types\/page"}],"author":[{"embeddable":true,"href":"https:\/\/kamille-levequejego.com\/en\/wp-json\/wp\/v2\/users\/1"}],"replies":[{"embeddable":true,"href":"https:\/\/kamille-levequejego.com\/en\/wp-json\/wp\/v2\/comments?post=3"}],"version-history":[{"count":13,"href":"https:\/\/kamille-levequejego.com\/en\/wp-json\/wp\/v2\/pages\/3\/revisions"}],"predecessor-version":[{"id":2038,"href":"https:\/\/kamille-levequejego.com\/en\/wp-json\/wp\/v2\/pages\/3\/revisions\/2038"}],"wp:attachment":[{"href":"https:\/\/kamille-levequejego.com\/en\/wp-json\/wp\/v2\/media?parent=3"}],"curies":[{"name":"wp","href":"https:\/\/api.w.org\/{rel}","templated":true}]}}