{"id":40,"date":"2022-11-29T09:52:09","date_gmt":"2022-11-29T08:52:09","guid":{"rendered":"https:\/\/kamille-levequejego.com\/?page_id=40"},"modified":"2025-04-29T09:37:48","modified_gmt":"2025-04-29T07:37:48","slug":"contact","status":"publish","type":"page","link":"https:\/\/kamille-levequejego.com\/en\/contact\/","title":{"rendered":"Contact"},"content":{"rendered":"<div data-elementor-type=\"wp-page\" data-elementor-id=\"40\" class=\"elementor elementor-40\">\n\t\t\t\t\t\t<section class=\"elementor-section elementor-top-section elementor-element elementor-element-8623651 elementor-section-boxed elementor-section-height-default elementor-section-height-default\" data-id=\"8623651\" data-element_type=\"section\">\n\t\t\t\t\t\t<div class=\"elementor-container elementor-column-gap-default\">\n\t\t\t\t\t<div class=\"elementor-column elementor-col-100 elementor-top-column elementor-element elementor-element-8b6b044\" data-id=\"8b6b044\" data-element_type=\"column\">\n\t\t\t<div class=\"elementor-widget-wrap elementor-element-populated\">\n\t\t\t\t\t\t<div class=\"elementor-element elementor-element-cefa459 elementor-widget elementor-widget-heading\" data-id=\"cefa459\" data-element_type=\"widget\" data-widget_type=\"heading.default\">\n\t\t\t\t<div class=\"elementor-widget-container\">\n\t\t\t\t\t<h1 class=\"elementor-heading-title elementor-size-default\">Contact<\/h1>\t\t\t\t<\/div>\n\t\t\t\t<\/div>\n\t\t\t\t<div class=\"elementor-element elementor-element-0cdc7f4 elementor-button-align-start elementor-widget elementor-widget-form\" data-id=\"0cdc7f4\" data-element_type=\"widget\" data-settings=\"{&quot;step_next_label&quot;:&quot;Suivant&quot;,&quot;step_previous_label&quot;:&quot;Pr\\u00e9c\\u00e9dent&quot;,&quot;button_width&quot;:&quot;100&quot;,&quot;step_type&quot;:&quot;number_text&quot;,&quot;step_icon_shape&quot;:&quot;circle&quot;}\" data-widget_type=\"form.default\">\n\t\t\t\t<div class=\"elementor-widget-container\">\n\t\t\t\t\t\t\t<form class=\"elementor-form\" method=\"post\" name=\"Nouveau formulaire\" action=\"\">\n\t\t\t<input type=\"hidden\" name=\"post_id\" value=\"40\"\/>\n\t\t\t<input type=\"hidden\" name=\"form_id\" value=\"0cdc7f4\"\/>\n\t\t\t<input type=\"hidden\" name=\"referer_title\" value=\"Kamille L\u00e9v\u00eaque J\u00e9go &#8211; Artiste Photographe\" \/>\n\n\t\t\t\n\t\t\t<div class=\"elementor-form-fields-wrapper elementor-labels-above\">\n\t\t\t\t\t\t\t\t<div class=\"elementor-field-type-text elementor-field-group elementor-column elementor-field-group-name elementor-col-100 elementor-field-required\">\n\t\t\t\t\t\t\t\t\t\t\t\t<label for=\"form-field-name\" class=\"elementor-field-label\">\n\t\t\t\t\t\t\t\tName\t\t\t\t\t\t\t<\/label>\n\t\t\t\t\t\t\t\t\t\t\t\t\t\t<input size=\"1\" type=\"text\" name=\"form_fields[name]\" id=\"form-field-name\" class=\"elementor-field elementor-size-sm  elementor-field-textual\" required=\"required\" aria-required=\"true\">\n\t\t\t\t\t\t\t\t\t\t\t<\/div>\n\t\t\t\t\t\t\t\t<div class=\"elementor-field-type-email elementor-field-group elementor-column elementor-field-group-email elementor-col-100 elementor-field-required\">\n\t\t\t\t\t\t\t\t\t\t\t\t<label for=\"form-field-email\" class=\"elementor-field-label\">\n\t\t\t\t\t\t\t\tE-mail\t\t\t\t\t\t\t<\/label>\n\t\t\t\t\t\t\t\t\t\t\t\t\t\t<input size=\"1\" type=\"email\" name=\"form_fields[email]\" id=\"form-field-email\" class=\"elementor-field elementor-size-sm  elementor-field-textual\" required=\"required\" aria-required=\"true\">\n\t\t\t\t\t\t\t\t\t\t\t<\/div>\n\t\t\t\t\t\t\t\t<div class=\"elementor-field-type-text elementor-field-group elementor-column elementor-field-group-field_87f7b06 elementor-col-100 elementor-field-required\">\n\t\t\t\t\t\t\t\t\t\t\t\t<label for=\"form-field-field_87f7b06\" class=\"elementor-field-label\">\n\t\t\t\t\t\t\t\tObject\t\t\t\t\t\t\t<\/label>\n\t\t\t\t\t\t\t\t\t\t\t\t\t\t<input size=\"1\" type=\"text\" name=\"form_fields[field_87f7b06]\" id=\"form-field-field_87f7b06\" class=\"elementor-field elementor-size-sm  elementor-field-textual\" required=\"required\" aria-required=\"true\">\n\t\t\t\t\t\t\t\t\t\t\t<\/div>\n\t\t\t\t\t\t\t\t<div class=\"elementor-field-type-textarea elementor-field-group elementor-column elementor-field-group-message elementor-col-100 elementor-field-required\">\n\t\t\t\t\t\t\t\t\t\t\t\t<label for=\"form-field-message\" class=\"elementor-field-label\">\n\t\t\t\t\t\t\t\tMessage\t\t\t\t\t\t\t<\/label>\n\t\t\t\t\t\t<textarea class=\"elementor-field-textual elementor-field  elementor-size-sm\" name=\"form_fields[message]\" id=\"form-field-message\" rows=\"12\" required=\"required\" aria-required=\"true\"><\/textarea>\t\t\t\t<\/div>\n\t\t\t\t\t\t\t\t<div class=\"elementor-field-type-recaptcha_v3 elementor-field-group elementor-column elementor-field-group-field_878e5ce elementor-col-100 recaptcha_v3-bottomright\">\n\t\t\t\t\t<div class=\"elementor-field\" id=\"form-field-field_878e5ce\"><div class=\"elementor-g-recaptcha\" data-sitekey=\"6LchaoAaAAAAAJDIi3YzPW-NbkfrQNRhn-IIxqXi\" data-type=\"v3\" data-action=\"Form\" data-badge=\"bottomright\" data-size=\"invisible\"><\/div><\/div>\t\t\t\t<\/div>\n\t\t\t\t\t\t\t\t<div class=\"elementor-field-group elementor-column elementor-field-type-submit elementor-col-100 e-form__buttons\">\n\t\t\t\t\t<button type=\"submit\" class=\"elementor-button elementor-size-lg\">\n\t\t\t\t\t\t<span >\n\t\t\t\t\t\t\t\t\t\t\t\t\t\t\t<span class=\"elementor-button-icon\">\n\t\t\t\t\t\t\t\t\t\t\t\t\t\t\t\t\t\t\t\t\t\t\t\t\t\t<\/span>\n\t\t\t\t\t\t\t\t\t\t\t\t\t\t\t\t\t\t\t\t\t\t<span class=\"elementor-button-text\">Send<\/span>\n\t\t\t\t\t\t\t\t\t\t\t\t\t<\/span>\n\t\t\t\t\t<\/button>\n\t\t\t\t<\/div>\n\t\t\t<\/div>\n\t\t<input type=\"hidden\" name=\"trp-form-language\" value=\"en\"\/><\/form>\n\t\t\t\t\t\t<\/div>\n\t\t\t\t<\/div>\n\t\t\t\t\t<\/div>\n\t\t<\/div>\n\t\t\t\t\t<\/div>\n\t\t<\/section>\n\t\t\t\t<\/div>","protected":false},"excerpt":{"rendered":"<p>Contact<\/p>","protected":false},"author":1,"featured_media":0,"parent":0,"menu_order":0,"comment_status":"closed","ping_status":"closed","template":"","meta":{"footnotes":""},"class_list":["post-40","page","type-page","status-publish","hentry"],"yoast_head":"<!-- This site is optimized with the Yoast SEO plugin v20.1 - https:\/\/yoast.com\/wordpress\/plugins\/seo\/ -->\n<title>Contact | Kamille L\u00e9v\u00eaque J\u00e9go - Artiste Photographe<\/title>\n<meta name=\"robots\" content=\"index, follow, max-snippet:-1, max-image-preview:large, max-video-preview:-1\" \/>\n<link rel=\"canonical\" href=\"https:\/\/kamille-levequejego.com\/en\/contact\/\" \/>\n<meta property=\"og:locale\" content=\"en_US\" \/>\n<meta property=\"og:type\" content=\"article\" \/>\n<meta property=\"og:title\" content=\"Contact | Kamille L\u00e9v\u00eaque J\u00e9go - Artiste Photographe\" \/>\n<meta property=\"og:description\" content=\"Contact\" \/>\n<meta property=\"og:url\" content=\"https:\/\/kamille-levequejego.com\/en\/contact\/\" \/>\n<meta property=\"og:site_name\" content=\"Kamille L\u00e9v\u00eaque J\u00e9go - Artiste Photographe\" \/>\n<meta property=\"article:publisher\" content=\"https:\/\/www.facebook.com\/k.levequejego\/?locale=fr_FR\" \/>\n<meta property=\"article:modified_time\" content=\"2025-04-29T07:37:48+00:00\" \/>\n<meta property=\"og:image\" content=\"https:\/\/kamille-levequejego.com\/wp-content\/uploads\/2022\/11\/benzine-cyprine-accueil.jpg\" \/>\n\t<meta property=\"og:image:width\" content=\"1920\" \/>\n\t<meta property=\"og:image:height\" content=\"1274\" \/>\n\t<meta property=\"og:image:type\" content=\"image\/jpeg\" \/>\n<meta name=\"twitter:card\" content=\"summary_large_image\" \/>\n<meta name=\"twitter:label1\" content=\"Est. reading time\" \/>\n\t<meta name=\"twitter:data1\" content=\"1 minute\" \/>\n<script type=\"application\/ld+json\" class=\"yoast-schema-graph\">{\"@context\":\"https:\/\/schema.org\",\"@graph\":[{\"@type\":\"WebPage\",\"@id\":\"https:\/\/kamille-levequejego.com\/contact\/\",\"url\":\"https:\/\/kamille-levequejego.com\/contact\/\",\"name\":\"Contact | Kamille L\u00e9v\u00eaque J\u00e9go - Artiste Photographe\",\"isPartOf\":{\"@id\":\"https:\/\/kamille-levequejego.com\/#website\"},\"datePublished\":\"2022-11-29T08:52:09+00:00\",\"dateModified\":\"2025-04-29T07:37:48+00:00\",\"breadcrumb\":{\"@id\":\"https:\/\/kamille-levequejego.com\/contact\/#breadcrumb\"},\"inLanguage\":\"en-US\",\"potentialAction\":[{\"@type\":\"ReadAction\",\"target\":[\"https:\/\/kamille-levequejego.com\/contact\/\"]}]},{\"@type\":\"BreadcrumbList\",\"@id\":\"https:\/\/kamille-levequejego.com\/contact\/#breadcrumb\",\"itemListElement\":[{\"@type\":\"ListItem\",\"position\":1,\"name\":\"Accueil\",\"item\":\"https:\/\/kamille-levequejego.com\/\"},{\"@type\":\"ListItem\",\"position\":2,\"name\":\"Contact\"}]},{\"@type\":\"WebSite\",\"@id\":\"https:\/\/kamille-levequejego.com\/#website\",\"url\":\"https:\/\/kamille-levequejego.com\/\",\"name\":\"Kamille L\u00e9v\u00eaque J\u00e9go - Artiste Photographe\",\"description\":\"\",\"publisher\":{\"@id\":\"https:\/\/kamille-levequejego.com\/#organization\"},\"potentialAction\":[{\"@type\":\"SearchAction\",\"target\":{\"@type\":\"EntryPoint\",\"urlTemplate\":\"https:\/\/kamille-levequejego.com\/?s={search_term_string}\"},\"query-input\":\"required name=search_term_string\"}],\"inLanguage\":\"en-US\"},{\"@type\":\"Organization\",\"@id\":\"https:\/\/kamille-levequejego.com\/#organization\",\"name\":\"Kamille L\u00e9v\u00eaque J\u00e9go\",\"url\":\"https:\/\/kamille-levequejego.com\/\",\"logo\":{\"@type\":\"ImageObject\",\"inLanguage\":\"en-US\",\"@id\":\"https:\/\/kamille-levequejego.com\/#\/schema\/logo\/image\/\",\"url\":\"https:\/\/kamille-levequejego.com\/wp-content\/uploads\/2023\/02\/logo-kamille-levequejego_gris.png\",\"contentUrl\":\"https:\/\/kamille-levequejego.com\/wp-content\/uploads\/2023\/02\/logo-kamille-levequejego_gris.png\",\"width\":328,\"height\":396,\"caption\":\"Kamille L\u00e9v\u00eaque J\u00e9go\"},\"image\":{\"@id\":\"https:\/\/kamille-levequejego.com\/#\/schema\/logo\/image\/\"},\"sameAs\":[\"https:\/\/www.facebook.com\/k.levequejego\/?locale=fr_FR\",\"https:\/\/www.instagram.com\/kamille_levequejego\/?hl=fr\"]}]}<\/script>\n<!-- \/ Yoast SEO plugin. -->","yoast_head_json":{"title":"Contact | Kamille L\u00e9v\u00eaque J\u00e9go - Artiste Photographe","robots":{"index":"index","follow":"follow","max-snippet":"max-snippet:-1","max-image-preview":"max-image-preview:large","max-video-preview":"max-video-preview:-1"},"canonical":"https:\/\/kamille-levequejego.com\/en\/contact\/","og_locale":"en_US","og_type":"article","og_title":"Contact | Kamille L\u00e9v\u00eaque J\u00e9go - Artiste Photographe","og_description":"Contact","og_url":"https:\/\/kamille-levequejego.com\/en\/contact\/","og_site_name":"Kamille L\u00e9v\u00eaque J\u00e9go - Artiste Photographe","article_publisher":"https:\/\/www.facebook.com\/k.levequejego\/?locale=fr_FR","article_modified_time":"2025-04-29T07:37:48+00:00","og_image":[{"width":1920,"height":1274,"url":"https:\/\/kamille-levequejego.com\/wp-content\/uploads\/2022\/11\/benzine-cyprine-accueil.jpg","type":"image\/jpeg"}],"twitter_card":"summary_large_image","twitter_misc":{"Est. reading time":"1 minute"},"schema":{"@context":"https:\/\/schema.org","@graph":[{"@type":"WebPage","@id":"https:\/\/kamille-levequejego.com\/contact\/","url":"https:\/\/kamille-levequejego.com\/contact\/","name":"Contact | Kamille L\u00e9v\u00eaque J\u00e9go - Artiste Photographe","isPartOf":{"@id":"https:\/\/kamille-levequejego.com\/#website"},"datePublished":"2022-11-29T08:52:09+00:00","dateModified":"2025-04-29T07:37:48+00:00","breadcrumb":{"@id":"https:\/\/kamille-levequejego.com\/contact\/#breadcrumb"},"inLanguage":"en-US","potentialAction":[{"@type":"ReadAction","target":["https:\/\/kamille-levequejego.com\/contact\/"]}]},{"@type":"BreadcrumbList","@id":"https:\/\/kamille-levequejego.com\/contact\/#breadcrumb","itemListElement":[{"@type":"ListItem","position":1,"name":"Accueil","item":"https:\/\/kamille-levequejego.com\/"},{"@type":"ListItem","position":2,"name":"Contact"}]},{"@type":"WebSite","@id":"https:\/\/kamille-levequejego.com\/#website","url":"https:\/\/kamille-levequejego.com\/","name":"Kamille L\u00e9v\u00eaque J\u00e9go - Artiste Photographe","description":"","publisher":{"@id":"https:\/\/kamille-levequejego.com\/#organization"},"potentialAction":[{"@type":"SearchAction","target":{"@type":"EntryPoint","urlTemplate":"https:\/\/kamille-levequejego.com\/?s={search_term_string}"},"query-input":"required name=search_term_string"}],"inLanguage":"en-US"},{"@type":"Organization","@id":"https:\/\/kamille-levequejego.com\/#organization","name":"Kamille L\u00e9v\u00eaque J\u00e9go","url":"https:\/\/kamille-levequejego.com\/","logo":{"@type":"ImageObject","inLanguage":"en-US","@id":"https:\/\/kamille-levequejego.com\/#\/schema\/logo\/image\/","url":"https:\/\/kamille-levequejego.com\/wp-content\/uploads\/2023\/02\/logo-kamille-levequejego_gris.png","contentUrl":"https:\/\/kamille-levequejego.com\/wp-content\/uploads\/2023\/02\/logo-kamille-levequejego_gris.png","width":328,"height":396,"caption":"Kamille L\u00e9v\u00eaque J\u00e9go"},"image":{"@id":"https:\/\/kamille-levequejego.com\/#\/schema\/logo\/image\/"},"sameAs":["https:\/\/www.facebook.com\/k.levequejego\/?locale=fr_FR","https:\/\/www.instagram.com\/kamille_levequejego\/?hl=fr"]}]}},"_links":{"self":[{"href":"https:\/\/kamille-levequejego.com\/en\/wp-json\/wp\/v2\/pages\/40","targetHints":{"allow":["GET"]}}],"collection":[{"href":"https:\/\/kamille-levequejego.com\/en\/wp-json\/wp\/v2\/pages"}],"about":[{"href":"https:\/\/kamille-levequejego.com\/en\/wp-json\/wp\/v2\/types\/page"}],"author":[{"embeddable":true,"href":"https:\/\/kamille-levequejego.com\/en\/wp-json\/wp\/v2\/users\/1"}],"replies":[{"embeddable":true,"href":"https:\/\/kamille-levequejego.com\/en\/wp-json\/wp\/v2\/comments?post=40"}],"version-history":[{"count":37,"href":"https:\/\/kamille-levequejego.com\/en\/wp-json\/wp\/v2\/pages\/40\/revisions"}],"predecessor-version":[{"id":2063,"href":"https:\/\/kamille-levequejego.com\/en\/wp-json\/wp\/v2\/pages\/40\/revisions\/2063"}],"wp:attachment":[{"href":"https:\/\/kamille-levequejego.com\/en\/wp-json\/wp\/v2\/media?parent=40"}],"curies":[{"name":"wp","href":"https:\/\/api.w.org\/{rel}","templated":true}]}}