{"id":411,"date":"2022-11-30T17:01:09","date_gmt":"2022-11-30T16:01:09","guid":{"rendered":"https:\/\/kamille-levequejego.com\/?page_id=411"},"modified":"2022-11-30T17:01:09","modified_gmt":"2022-11-30T16:01:09","slug":"travaux","status":"publish","type":"page","link":"https:\/\/kamille-levequejego.com\/en\/travaux\/","title":{"rendered":"Works"},"content":{"rendered":"","protected":false},"excerpt":{"rendered":"","protected":false},"author":1,"featured_media":0,"parent":0,"menu_order":0,"comment_status":"closed","ping_status":"closed","template":"","meta":{"footnotes":""},"class_list":["post-411","page","type-page","status-publish","hentry"],"yoast_head":"<!-- This site is optimized with the Yoast SEO plugin v20.1 - https:\/\/yoast.com\/wordpress\/plugins\/seo\/ -->\n<title>Travaux | Kamille L\u00e9v\u00eaque J\u00e9go - Artiste Photographe<\/title>\n<meta name=\"robots\" content=\"index, follow, max-snippet:-1, max-image-preview:large, max-video-preview:-1\" \/>\n<link rel=\"canonical\" href=\"https:\/\/kamille-levequejego.com\/en\/travaux\/\" \/>\n<meta property=\"og:locale\" content=\"en_US\" \/>\n<meta property=\"og:type\" content=\"article\" \/>\n<meta property=\"og:title\" content=\"Travaux | Kamille L\u00e9v\u00eaque J\u00e9go - Artiste Photographe\" \/>\n<meta property=\"og:url\" content=\"https:\/\/kamille-levequejego.com\/en\/travaux\/\" \/>\n<meta property=\"og:site_name\" content=\"Kamille L\u00e9v\u00eaque J\u00e9go - Artiste Photographe\" \/>\n<meta property=\"article:publisher\" content=\"https:\/\/www.facebook.com\/k.levequejego\/?locale=fr_FR\" \/>\n<meta property=\"og:image\" content=\"https:\/\/kamille-levequejego.com\/wp-content\/uploads\/2022\/11\/benzine-cyprine-accueil.jpg\" \/>\n\t<meta property=\"og:image:width\" content=\"1920\" \/>\n\t<meta property=\"og:image:height\" content=\"1274\" \/>\n\t<meta property=\"og:image:type\" content=\"image\/jpeg\" \/>\n<meta name=\"twitter:card\" content=\"summary_large_image\" \/>\n<script type=\"application\/ld+json\" class=\"yoast-schema-graph\">{\"@context\":\"https:\/\/schema.org\",\"@graph\":[{\"@type\":\"WebPage\",\"@id\":\"https:\/\/kamille-levequejego.com\/travaux\/\",\"url\":\"https:\/\/kamille-levequejego.com\/travaux\/\",\"name\":\"Travaux | Kamille L\u00e9v\u00eaque J\u00e9go - Artiste Photographe\",\"isPartOf\":{\"@id\":\"https:\/\/kamille-levequejego.com\/#website\"},\"datePublished\":\"2022-11-30T16:01:09+00:00\",\"dateModified\":\"2022-11-30T16:01:09+00:00\",\"breadcrumb\":{\"@id\":\"https:\/\/kamille-levequejego.com\/travaux\/#breadcrumb\"},\"inLanguage\":\"en-US\",\"potentialAction\":[{\"@type\":\"ReadAction\",\"target\":[\"https:\/\/kamille-levequejego.com\/travaux\/\"]}]},{\"@type\":\"BreadcrumbList\",\"@id\":\"https:\/\/kamille-levequejego.com\/travaux\/#breadcrumb\",\"itemListElement\":[{\"@type\":\"ListItem\",\"position\":1,\"name\":\"Accueil\",\"item\":\"https:\/\/kamille-levequejego.com\/\"},{\"@type\":\"ListItem\",\"position\":2,\"name\":\"Travaux\"}]},{\"@type\":\"WebSite\",\"@id\":\"https:\/\/kamille-levequejego.com\/#website\",\"url\":\"https:\/\/kamille-levequejego.com\/\",\"name\":\"Kamille L\u00e9v\u00eaque J\u00e9go - Artiste Photographe\",\"description\":\"\",\"publisher\":{\"@id\":\"https:\/\/kamille-levequejego.com\/#organization\"},\"potentialAction\":[{\"@type\":\"SearchAction\",\"target\":{\"@type\":\"EntryPoint\",\"urlTemplate\":\"https:\/\/kamille-levequejego.com\/?s={search_term_string}\"},\"query-input\":\"required name=search_term_string\"}],\"inLanguage\":\"en-US\"},{\"@type\":\"Organization\",\"@id\":\"https:\/\/kamille-levequejego.com\/#organization\",\"name\":\"Kamille L\u00e9v\u00eaque J\u00e9go\",\"url\":\"https:\/\/kamille-levequejego.com\/\",\"logo\":{\"@type\":\"ImageObject\",\"inLanguage\":\"en-US\",\"@id\":\"https:\/\/kamille-levequejego.com\/#\/schema\/logo\/image\/\",\"url\":\"https:\/\/kamille-levequejego.com\/wp-content\/uploads\/2023\/02\/logo-kamille-levequejego_gris.png\",\"contentUrl\":\"https:\/\/kamille-levequejego.com\/wp-content\/uploads\/2023\/02\/logo-kamille-levequejego_gris.png\",\"width\":328,\"height\":396,\"caption\":\"Kamille L\u00e9v\u00eaque J\u00e9go\"},\"image\":{\"@id\":\"https:\/\/kamille-levequejego.com\/#\/schema\/logo\/image\/\"},\"sameAs\":[\"https:\/\/www.facebook.com\/k.levequejego\/?locale=fr_FR\",\"https:\/\/www.instagram.com\/kamille_levequejego\/?hl=fr\"]}]}<\/script>\n<!-- \/ Yoast SEO plugin. -->","yoast_head_json":{"title":"Travaux | Kamille L\u00e9v\u00eaque J\u00e9go - Artiste Photographe","robots":{"index":"index","follow":"follow","max-snippet":"max-snippet:-1","max-image-preview":"max-image-preview:large","max-video-preview":"max-video-preview:-1"},"canonical":"https:\/\/kamille-levequejego.com\/en\/travaux\/","og_locale":"en_US","og_type":"article","og_title":"Travaux | Kamille L\u00e9v\u00eaque J\u00e9go - Artiste Photographe","og_url":"https:\/\/kamille-levequejego.com\/en\/travaux\/","og_site_name":"Kamille L\u00e9v\u00eaque J\u00e9go - Artiste Photographe","article_publisher":"https:\/\/www.facebook.com\/k.levequejego\/?locale=fr_FR","og_image":[{"width":1920,"height":1274,"url":"https:\/\/kamille-levequejego.com\/wp-content\/uploads\/2022\/11\/benzine-cyprine-accueil.jpg","type":"image\/jpeg"}],"twitter_card":"summary_large_image","schema":{"@context":"https:\/\/schema.org","@graph":[{"@type":"WebPage","@id":"https:\/\/kamille-levequejego.com\/travaux\/","url":"https:\/\/kamille-levequejego.com\/travaux\/","name":"Travaux | Kamille L\u00e9v\u00eaque J\u00e9go - Artiste Photographe","isPartOf":{"@id":"https:\/\/kamille-levequejego.com\/#website"},"datePublished":"2022-11-30T16:01:09+00:00","dateModified":"2022-11-30T16:01:09+00:00","breadcrumb":{"@id":"https:\/\/kamille-levequejego.com\/travaux\/#breadcrumb"},"inLanguage":"en-US","potentialAction":[{"@type":"ReadAction","target":["https:\/\/kamille-levequejego.com\/travaux\/"]}]},{"@type":"BreadcrumbList","@id":"https:\/\/kamille-levequejego.com\/travaux\/#breadcrumb","itemListElement":[{"@type":"ListItem","position":1,"name":"Accueil","item":"https:\/\/kamille-levequejego.com\/"},{"@type":"ListItem","position":2,"name":"Travaux"}]},{"@type":"WebSite","@id":"https:\/\/kamille-levequejego.com\/#website","url":"https:\/\/kamille-levequejego.com\/","name":"Kamille L\u00e9v\u00eaque J\u00e9go - Artiste Photographe","description":"","publisher":{"@id":"https:\/\/kamille-levequejego.com\/#organization"},"potentialAction":[{"@type":"SearchAction","target":{"@type":"EntryPoint","urlTemplate":"https:\/\/kamille-levequejego.com\/?s={search_term_string}"},"query-input":"required name=search_term_string"}],"inLanguage":"en-US"},{"@type":"Organization","@id":"https:\/\/kamille-levequejego.com\/#organization","name":"Kamille L\u00e9v\u00eaque J\u00e9go","url":"https:\/\/kamille-levequejego.com\/","logo":{"@type":"ImageObject","inLanguage":"en-US","@id":"https:\/\/kamille-levequejego.com\/#\/schema\/logo\/image\/","url":"https:\/\/kamille-levequejego.com\/wp-content\/uploads\/2023\/02\/logo-kamille-levequejego_gris.png","contentUrl":"https:\/\/kamille-levequejego.com\/wp-content\/uploads\/2023\/02\/logo-kamille-levequejego_gris.png","width":328,"height":396,"caption":"Kamille L\u00e9v\u00eaque J\u00e9go"},"image":{"@id":"https:\/\/kamille-levequejego.com\/#\/schema\/logo\/image\/"},"sameAs":["https:\/\/www.facebook.com\/k.levequejego\/?locale=fr_FR","https:\/\/www.instagram.com\/kamille_levequejego\/?hl=fr"]}]}},"_links":{"self":[{"href":"https:\/\/kamille-levequejego.com\/en\/wp-json\/wp\/v2\/pages\/411","targetHints":{"allow":["GET"]}}],"collection":[{"href":"https:\/\/kamille-levequejego.com\/en\/wp-json\/wp\/v2\/pages"}],"about":[{"href":"https:\/\/kamille-levequejego.com\/en\/wp-json\/wp\/v2\/types\/page"}],"author":[{"embeddable":true,"href":"https:\/\/kamille-levequejego.com\/en\/wp-json\/wp\/v2\/users\/1"}],"replies":[{"embeddable":true,"href":"https:\/\/kamille-levequejego.com\/en\/wp-json\/wp\/v2\/comments?post=411"}],"version-history":[{"count":1,"href":"https:\/\/kamille-levequejego.com\/en\/wp-json\/wp\/v2\/pages\/411\/revisions"}],"predecessor-version":[{"id":412,"href":"https:\/\/kamille-levequejego.com\/en\/wp-json\/wp\/v2\/pages\/411\/revisions\/412"}],"wp:attachment":[{"href":"https:\/\/kamille-levequejego.com\/en\/wp-json\/wp\/v2\/media?parent=411"}],"curies":[{"name":"wp","href":"https:\/\/api.w.org\/{rel}","templated":true}]}}