{"id":554,"date":"2022-12-08T12:08:30","date_gmt":"2022-12-08T11:08:30","guid":{"rendered":"https:\/\/kamille-levequejego.com\/?page_id=554"},"modified":"2023-01-26T09:59:54","modified_gmt":"2023-01-26T08:59:54","slug":"mentions-legales","status":"publish","type":"page","link":"https:\/\/kamille-levequejego.com\/en\/mentions-legales\/","title":{"rendered":"Legal Notice"},"content":{"rendered":"<div data-elementor-type=\"wp-page\" data-elementor-id=\"554\" class=\"elementor elementor-554\">\n\t\t\t\t\t\t<section class=\"elementor-section elementor-top-section elementor-element elementor-element-6505ae9 elementor-section-boxed elementor-section-height-default elementor-section-height-default\" data-id=\"6505ae9\" data-element_type=\"section\">\n\t\t\t\t\t\t<div class=\"elementor-container elementor-column-gap-default\">\n\t\t\t\t\t<div class=\"elementor-column elementor-col-100 elementor-top-column elementor-element elementor-element-12ac8b0\" data-id=\"12ac8b0\" data-element_type=\"column\">\n\t\t\t<div class=\"elementor-widget-wrap elementor-element-populated\">\n\t\t\t\t\t\t<div class=\"elementor-element elementor-element-f8ae384 elementor-widget elementor-widget-heading\" data-id=\"f8ae384\" data-element_type=\"widget\" data-widget_type=\"heading.default\">\n\t\t\t\t<div class=\"elementor-widget-container\">\n\t\t\t\t\t<h1 class=\"elementor-heading-title elementor-size-default\">Legal Notice<\/h1>\t\t\t\t<\/div>\n\t\t\t\t<\/div>\n\t\t\t\t<div class=\"elementor-element elementor-element-6d815a8 elementor-widget elementor-widget-text-editor\" data-id=\"6d815a8\" data-element_type=\"widget\" data-widget_type=\"text-editor.default\">\n\t\t\t\t<div class=\"elementor-widget-container\">\n\t\t\t\t\t\t\t\t\t<h2>1. Presentation of the site<\/h2><p>Under Article 6 of Law No. 2004-575 of June 21, 2004 on confidence in the digital economy, users of the Kamille L\u00e9v\u00eaque J\u00e9go site are informed of the identity of the various parties involved in its implementation. and its follow-up:<\/p><p><strong>Owner<\/strong> : Kamille L\u00e9v\u00eaque J\u00e9go<br \/><strong>SIRET number<\/strong> : 791 362 890 00034<br \/><strong>Creation and development of the site<\/strong>\u00a0:\u00a0<a href=\"https:\/\/www.lycanconcept.fr\/\" target=\"_blank\" rel=\"noopener\">Lycan Concept<\/a><br \/><strong>Host<\/strong>\u00a0: OVH \u2013 2 rue Kellermann \u2013 59100 Roubaix \u2013 France<\/p><h2>2. General conditions of use of the site and the services offered<\/h2><p>Use of the Kamille L\u00e9v\u00eaque J\u00e9go site implies full acceptance of the general conditions of use described below. These conditions of use may be modified or supplemented at any time, users of the Kamille L\u00e9v\u00eaque J\u00e9go site are therefore invited to consult them on a regular basis.<\/p><p>This site is normally accessible to users at any time. An interruption due to technical maintenance may however be decided by the company or the creator of the site, who will then endeavor to communicate to users before the dates and times of the intervention.<\/p><p>Kamille L\u00e9v\u00eaque J\u00e9go's site is updated regularly by its webmaster. In the same way, the legal notices can be modified at any time: they nevertheless impose themselves on the user who is invited to refer to them as often as possible in order to become acquainted with them.<\/p><h2>3. Description of the services provided<\/h2><p>The purpose of the Kamille L\u00e9v\u00eaque J\u00e9go site is to provide information concerning all of the company's activities.<\/p><p>Kamille L\u00e9v\u00eaque J\u00e9go strives to provide information on its site that is as accurate as possible. However, it cannot be held responsible for omissions, inaccuracies and deficiencies in the update, whether by itself or by the third party partners who provide it with this information.<\/p><p>All the information indicated on the Kamille L\u00e9v\u00eaque J\u00e9go website is given for information only, and is subject to change. Furthermore, the information on the Kamille L\u00e9v\u00eaque J\u00e9go website is not exhaustive. They are given subject to modifications having been made since they were put online.<\/p><h2>4. Contractual limitations on technical data<\/h2><p>The site uses JavaScript technology.<\/p><p>The website cannot be held responsible for material damage related to the use of the site. In addition, the user of the site agrees to access the site using recent equipment, not containing viruses and with an updated latest generation browser.<\/p><h2>5. Intellectual Property and Counterfeits<\/h2><p>Kamille L\u00e9v\u00eaque J\u00e9go is the owner of the intellectual property rights or holds the rights of use on all the elements accessible on the site, in particular the texts, images, graphics, logo, icons, sounds, software.<\/p><p>Any reproduction, representation, modification, publication, adaptation of all or part of the elements of the site, whatever the means or process used, is prohibited, except with the prior written authorization of Kamille L\u00e9v\u00eaque J\u00e9go.<\/p><p>Any unauthorized use of the site or any of the elements it contains will be considered as constituting an infringement and prosecuted in accordance with the provisions of articles L.335-2 and following of the Intellectual Property Code.<\/p><h2>6. Limitation of Liability<\/h2><p>Kamille L\u00e9v\u00eaque J\u00e9go cannot be held liable for direct or indirect damage caused to the user's equipment, when accessing its site, and resulting either from the use of equipment that does not meet the specifications indicated in point 4 , or the appearance of a bug or an incompatibility.<\/p><p>Kamille L\u00e9v\u00eaque J\u00e9go cannot also be held liable for consequential damages (such as loss of market or loss of opportunity) resulting from the use of its site.<\/p><p>Interactive spaces (possibility to ask questions in the contact space) are available to users. Kamille L\u00e9v\u00eaque J\u00e9go reserves the right to delete, without prior notice, any content posted in this space that would contravene the legislation applicable in France, in particular the provisions relating to data protection. If necessary, Kamille L\u00e9v\u00eaque J\u00e9go also reserves the right to question the civil and\/or criminal liability of the user, in particular in the event of a racist, abusive, defamatory or pornographic message, whatever the medium used. (text, photography\u2026).<\/p><h2>7. Management of personal data<\/h2><p>In France, personal data is notably protected by law n\u00b0 78-87 of January 6, 1978, law n\u00b0 2004-801 of August 6, 2004, article L. 226-13 of the Penal Code and the European Directive of October 24, 1995.<\/p><p>When using the Kamille L\u00e9v\u00eaque J\u00e9go site, the following may be collected: the URL of the links through which the user accessed the Kamille L\u00e9v\u00eaque J\u00e9go site the user's access provider, the user's Internet Protocol (IP) address.<\/p><p>In any event, Kamille L\u00e9v\u00eaque J\u00e9go only collects personal information relating to the user for the need of certain services offered by its site. The user provides this information with full knowledge of the facts, in particular when he enters it himself. It is then specified to the user of the site of Kamille L\u00e9v\u00eaque J\u00e9go the obligation or not to provide this information.<\/p><p>In accordance with the provisions of articles 38 and following of law 78-17 of January 6, 1978 relating to data processing, files and freedoms, all users have a right of access, rectification and opposition to personal data. concerning him, by making his written and signed request, accompanied by a copy of the identity document with signature of the holder of the document, specifying the address to which the answer must be sent.<\/p><p>No personal information of the user of the Kamille L\u00e9v\u00eaque J\u00e9go site is published without the knowledge of the user, exchanged, transferred, assigned or sold on any medium whatsoever to third parties. Only the hypothesis of the purchase of Kamille L\u00e9v\u00eaque J\u00e9go and his rights would allow the transmission of said information to the prospective purchaser who would in turn be bound by the same obligation to store and modify data vis-\u00e0-vis the user of the site.<\/p><p>The site is not declared to the CNIL because it does not use personal data as indicated on\u00a0<a href=\"https:\/\/www.cnil.fr\/fr\/informatique-et-libertes-suis-je-concerne\" target=\"_blank\" rel=\"noreferrer noopener\">this page<\/a><\/p><p>The databases are protected by the provisions of the law of July 1, 1998 transposing directive 96\/9 of March 11, 1996 relating to the legal protection of databases.<\/p><h2>8. Hypertext links and cookies<\/h2><p>The Kamille L\u00e9v\u00eaque J\u00e9go site contains a certain number of hypertext links to other sites, set up with the authorization of Kamille L\u00e9v\u00eaque J\u00e9go. However, Kamille L\u00e9v\u00eaque J\u00e9go does not have the possibility of verifying the content of the sites thus visited, and therefore assumes no responsibility for this fact.<\/p><p>Browsing on the Kamille L\u00e9v\u00eaque J\u00e9go site is likely to cause the installation of cookie(s) on the user's computer. A cookie is a small file, which does not allow the identification of the user, but which records information relating to the navigation of a computer on a site. The data thus obtained are intended to facilitate subsequent navigation on the site, and are also intended to allow various measures of attendance.<\/p><p>Refusal to install a cookie may make it impossible to access certain services. However, the user can configure his computer as follows to refuse the installation of cookies:<\/p><p>In Internet Explorer: tool tab (pictogram in the form of a cog at the top right) \/ internet options. Click on Privacy and choose Block all cookies. Validate on Ok.<\/p><p>In Firefox: at the top of the browser window, click on the Firefox button, then go to the Options tab. Click on the Privacy tab. Set the retention rules to: use custom settings for history. Finally uncheck it to disable cookies.<\/p><p>In Safari: Click at the top right of the browser on the menu icon (symbolized by a cog). Select Settings. Click Show advanced settings. In the \u201cPrivacy\u201d section, click on Content settings. In the \u201cCookies\u201d section, you can block cookies.<\/p><p>In Chrome: Click at the top right of the browser on the menu icon (symbolized by three horizontal lines). Select Settings. Click Show advanced settings. In the \u201cPrivacy\u201d section, click on preferences. In the \u201cPrivacy\u201d tab, you can block cookies.<\/p><h2>9. Applicable law and attribution of jurisdiction<\/h2><p>Any dispute in connection with the use of the Kamille L\u00e9v\u00eaque J\u00e9go site is subject to French law. Exclusive jurisdiction is given to the competent courts of the registered office of the company Kamille L\u00e9v\u00eaque J\u00e9go.<\/p><h2>10. The main laws concerned<\/h2><p>Law n\u00b0 78-17 of January 6, 1978, notably modified by law n\u00b0 2004-801 of August 6, 2004 relating to data processing, files and freedoms.<\/p><p>Law n\u00b0 2004-575 of June 21, 2004 for confidence in the digital economy.<\/p><h2>11. Glossary<\/h2><p>User: Internet user connecting, using the aforementioned site.<\/p><p>Personal information: \u201cinformation which allows, in any form whatsoever, directly or indirectly, the identification of the natural persons to whom it applies\u201d (article 4 of law n\u00b0 78-17 of January 6, 1978).<\/p>\t\t\t\t\t\t\t\t<\/div>\n\t\t\t\t<\/div>\n\t\t\t\t\t<\/div>\n\t\t<\/div>\n\t\t\t\t\t<\/div>\n\t\t<\/section>\n\t\t\t\t<\/div>","protected":false},"excerpt":{"rendered":"<p>Mentions l\u00e9gales 1. Pr\u00e9sentation du site En vertu de l\u2019article 6 de la loi n\u00b0 2004-575 du 21 juin 2004 pour la confiance dans l\u2019\u00e9conomie num\u00e9rique, il est pr\u00e9cis\u00e9 aux utilisateurs du site\u00a0Kamille L\u00e9v\u00eaque J\u00e9go\u00a0l\u2019identit\u00e9 des diff\u00e9rents intervenants dans le cadre de sa r\u00e9alisation et de son suivi : Propri\u00e9taire : Kamille L\u00e9v\u00eaque J\u00e9goNum\u00e9ro SIRET [&hellip;]<\/p>","protected":false},"author":1,"featured_media":0,"parent":0,"menu_order":0,"comment_status":"closed","ping_status":"closed","template":"","meta":{"footnotes":""},"class_list":["post-554","page","type-page","status-publish","hentry"],"yoast_head":"<!-- This site is optimized with the Yoast SEO plugin v20.1 - https:\/\/yoast.com\/wordpress\/plugins\/seo\/ -->\n<title>Mentions l\u00e9gales | Kamille L\u00e9v\u00eaque J\u00e9go - Artiste Photographe<\/title>\n<meta name=\"robots\" content=\"index, follow, max-snippet:-1, max-image-preview:large, max-video-preview:-1\" \/>\n<link rel=\"canonical\" href=\"https:\/\/kamille-levequejego.com\/en\/mentions-legales\/\" \/>\n<meta property=\"og:locale\" content=\"en_US\" \/>\n<meta property=\"og:type\" content=\"article\" \/>\n<meta property=\"og:title\" content=\"Mentions l\u00e9gales | Kamille L\u00e9v\u00eaque J\u00e9go - Artiste Photographe\" \/>\n<meta property=\"og:description\" content=\"Mentions l\u00e9gales 1. Pr\u00e9sentation du site En vertu de l\u2019article 6 de la loi n\u00b0 2004-575 du 21 juin 2004 pour la confiance dans l\u2019\u00e9conomie num\u00e9rique, il est pr\u00e9cis\u00e9 aux utilisateurs du site\u00a0Kamille L\u00e9v\u00eaque J\u00e9go\u00a0l\u2019identit\u00e9 des diff\u00e9rents intervenants dans le cadre de sa r\u00e9alisation et de son suivi : Propri\u00e9taire : Kamille L\u00e9v\u00eaque J\u00e9goNum\u00e9ro SIRET [&hellip;]\" \/>\n<meta property=\"og:url\" content=\"https:\/\/kamille-levequejego.com\/en\/mentions-legales\/\" \/>\n<meta property=\"og:site_name\" content=\"Kamille L\u00e9v\u00eaque J\u00e9go - Artiste Photographe\" \/>\n<meta property=\"article:publisher\" content=\"https:\/\/www.facebook.com\/k.levequejego\/?locale=fr_FR\" \/>\n<meta property=\"article:modified_time\" content=\"2023-01-26T08:59:54+00:00\" \/>\n<meta property=\"og:image\" content=\"https:\/\/kamille-levequejego.com\/wp-content\/uploads\/2022\/11\/benzine-cyprine-accueil.jpg\" \/>\n\t<meta property=\"og:image:width\" content=\"1920\" \/>\n\t<meta property=\"og:image:height\" content=\"1274\" \/>\n\t<meta property=\"og:image:type\" content=\"image\/jpeg\" \/>\n<meta name=\"twitter:card\" content=\"summary_large_image\" \/>\n<meta name=\"twitter:label1\" content=\"Est. reading time\" \/>\n\t<meta name=\"twitter:data1\" content=\"9 minutes\" \/>\n<script type=\"application\/ld+json\" class=\"yoast-schema-graph\">{\"@context\":\"https:\/\/schema.org\",\"@graph\":[{\"@type\":\"WebPage\",\"@id\":\"https:\/\/kamille-levequejego.com\/mentions-legales\/\",\"url\":\"https:\/\/kamille-levequejego.com\/mentions-legales\/\",\"name\":\"Mentions l\u00e9gales | Kamille L\u00e9v\u00eaque J\u00e9go - Artiste Photographe\",\"isPartOf\":{\"@id\":\"https:\/\/kamille-levequejego.com\/#website\"},\"datePublished\":\"2022-12-08T11:08:30+00:00\",\"dateModified\":\"2023-01-26T08:59:54+00:00\",\"breadcrumb\":{\"@id\":\"https:\/\/kamille-levequejego.com\/mentions-legales\/#breadcrumb\"},\"inLanguage\":\"en-US\",\"potentialAction\":[{\"@type\":\"ReadAction\",\"target\":[\"https:\/\/kamille-levequejego.com\/mentions-legales\/\"]}]},{\"@type\":\"BreadcrumbList\",\"@id\":\"https:\/\/kamille-levequejego.com\/mentions-legales\/#breadcrumb\",\"itemListElement\":[{\"@type\":\"ListItem\",\"position\":1,\"name\":\"Accueil\",\"item\":\"https:\/\/kamille-levequejego.com\/\"},{\"@type\":\"ListItem\",\"position\":2,\"name\":\"Mentions l\u00e9gales\"}]},{\"@type\":\"WebSite\",\"@id\":\"https:\/\/kamille-levequejego.com\/#website\",\"url\":\"https:\/\/kamille-levequejego.com\/\",\"name\":\"Kamille L\u00e9v\u00eaque J\u00e9go - Artiste Photographe\",\"description\":\"\",\"publisher\":{\"@id\":\"https:\/\/kamille-levequejego.com\/#organization\"},\"potentialAction\":[{\"@type\":\"SearchAction\",\"target\":{\"@type\":\"EntryPoint\",\"urlTemplate\":\"https:\/\/kamille-levequejego.com\/?s={search_term_string}\"},\"query-input\":\"required name=search_term_string\"}],\"inLanguage\":\"en-US\"},{\"@type\":\"Organization\",\"@id\":\"https:\/\/kamille-levequejego.com\/#organization\",\"name\":\"Kamille L\u00e9v\u00eaque J\u00e9go\",\"url\":\"https:\/\/kamille-levequejego.com\/\",\"logo\":{\"@type\":\"ImageObject\",\"inLanguage\":\"en-US\",\"@id\":\"https:\/\/kamille-levequejego.com\/#\/schema\/logo\/image\/\",\"url\":\"https:\/\/kamille-levequejego.com\/wp-content\/uploads\/2023\/02\/logo-kamille-levequejego_gris.png\",\"contentUrl\":\"https:\/\/kamille-levequejego.com\/wp-content\/uploads\/2023\/02\/logo-kamille-levequejego_gris.png\",\"width\":328,\"height\":396,\"caption\":\"Kamille L\u00e9v\u00eaque J\u00e9go\"},\"image\":{\"@id\":\"https:\/\/kamille-levequejego.com\/#\/schema\/logo\/image\/\"},\"sameAs\":[\"https:\/\/www.facebook.com\/k.levequejego\/?locale=fr_FR\",\"https:\/\/www.instagram.com\/kamille_levequejego\/?hl=fr\"]}]}<\/script>\n<!-- \/ Yoast SEO plugin. -->","yoast_head_json":{"title":"Mentions l\u00e9gales | Kamille L\u00e9v\u00eaque J\u00e9go - Artiste Photographe","robots":{"index":"index","follow":"follow","max-snippet":"max-snippet:-1","max-image-preview":"max-image-preview:large","max-video-preview":"max-video-preview:-1"},"canonical":"https:\/\/kamille-levequejego.com\/en\/mentions-legales\/","og_locale":"en_US","og_type":"article","og_title":"Mentions l\u00e9gales | Kamille L\u00e9v\u00eaque J\u00e9go - Artiste Photographe","og_description":"Mentions l\u00e9gales 1. Pr\u00e9sentation du site En vertu de l\u2019article 6 de la loi n\u00b0 2004-575 du 21 juin 2004 pour la confiance dans l\u2019\u00e9conomie num\u00e9rique, il est pr\u00e9cis\u00e9 aux utilisateurs du site\u00a0Kamille L\u00e9v\u00eaque J\u00e9go\u00a0l\u2019identit\u00e9 des diff\u00e9rents intervenants dans le cadre de sa r\u00e9alisation et de son suivi : Propri\u00e9taire : Kamille L\u00e9v\u00eaque J\u00e9goNum\u00e9ro SIRET [&hellip;]","og_url":"https:\/\/kamille-levequejego.com\/en\/mentions-legales\/","og_site_name":"Kamille L\u00e9v\u00eaque J\u00e9go - Artiste Photographe","article_publisher":"https:\/\/www.facebook.com\/k.levequejego\/?locale=fr_FR","article_modified_time":"2023-01-26T08:59:54+00:00","og_image":[{"width":1920,"height":1274,"url":"https:\/\/kamille-levequejego.com\/wp-content\/uploads\/2022\/11\/benzine-cyprine-accueil.jpg","type":"image\/jpeg"}],"twitter_card":"summary_large_image","twitter_misc":{"Est. reading time":"9 minutes"},"schema":{"@context":"https:\/\/schema.org","@graph":[{"@type":"WebPage","@id":"https:\/\/kamille-levequejego.com\/mentions-legales\/","url":"https:\/\/kamille-levequejego.com\/mentions-legales\/","name":"Mentions l\u00e9gales | Kamille L\u00e9v\u00eaque J\u00e9go - Artiste Photographe","isPartOf":{"@id":"https:\/\/kamille-levequejego.com\/#website"},"datePublished":"2022-12-08T11:08:30+00:00","dateModified":"2023-01-26T08:59:54+00:00","breadcrumb":{"@id":"https:\/\/kamille-levequejego.com\/mentions-legales\/#breadcrumb"},"inLanguage":"en-US","potentialAction":[{"@type":"ReadAction","target":["https:\/\/kamille-levequejego.com\/mentions-legales\/"]}]},{"@type":"BreadcrumbList","@id":"https:\/\/kamille-levequejego.com\/mentions-legales\/#breadcrumb","itemListElement":[{"@type":"ListItem","position":1,"name":"Accueil","item":"https:\/\/kamille-levequejego.com\/"},{"@type":"ListItem","position":2,"name":"Mentions l\u00e9gales"}]},{"@type":"WebSite","@id":"https:\/\/kamille-levequejego.com\/#website","url":"https:\/\/kamille-levequejego.com\/","name":"Kamille L\u00e9v\u00eaque J\u00e9go - Artiste Photographe","description":"","publisher":{"@id":"https:\/\/kamille-levequejego.com\/#organization"},"potentialAction":[{"@type":"SearchAction","target":{"@type":"EntryPoint","urlTemplate":"https:\/\/kamille-levequejego.com\/?s={search_term_string}"},"query-input":"required name=search_term_string"}],"inLanguage":"en-US"},{"@type":"Organization","@id":"https:\/\/kamille-levequejego.com\/#organization","name":"Kamille L\u00e9v\u00eaque J\u00e9go","url":"https:\/\/kamille-levequejego.com\/","logo":{"@type":"ImageObject","inLanguage":"en-US","@id":"https:\/\/kamille-levequejego.com\/#\/schema\/logo\/image\/","url":"https:\/\/kamille-levequejego.com\/wp-content\/uploads\/2023\/02\/logo-kamille-levequejego_gris.png","contentUrl":"https:\/\/kamille-levequejego.com\/wp-content\/uploads\/2023\/02\/logo-kamille-levequejego_gris.png","width":328,"height":396,"caption":"Kamille L\u00e9v\u00eaque J\u00e9go"},"image":{"@id":"https:\/\/kamille-levequejego.com\/#\/schema\/logo\/image\/"},"sameAs":["https:\/\/www.facebook.com\/k.levequejego\/?locale=fr_FR","https:\/\/www.instagram.com\/kamille_levequejego\/?hl=fr"]}]}},"_links":{"self":[{"href":"https:\/\/kamille-levequejego.com\/en\/wp-json\/wp\/v2\/pages\/554","targetHints":{"allow":["GET"]}}],"collection":[{"href":"https:\/\/kamille-levequejego.com\/en\/wp-json\/wp\/v2\/pages"}],"about":[{"href":"https:\/\/kamille-levequejego.com\/en\/wp-json\/wp\/v2\/types\/page"}],"author":[{"embeddable":true,"href":"https:\/\/kamille-levequejego.com\/en\/wp-json\/wp\/v2\/users\/1"}],"replies":[{"embeddable":true,"href":"https:\/\/kamille-levequejego.com\/en\/wp-json\/wp\/v2\/comments?post=554"}],"version-history":[{"count":17,"href":"https:\/\/kamille-levequejego.com\/en\/wp-json\/wp\/v2\/pages\/554\/revisions"}],"predecessor-version":[{"id":1405,"href":"https:\/\/kamille-levequejego.com\/en\/wp-json\/wp\/v2\/pages\/554\/revisions\/1405"}],"wp:attachment":[{"href":"https:\/\/kamille-levequejego.com\/en\/wp-json\/wp\/v2\/media?parent=554"}],"curies":[{"name":"wp","href":"https:\/\/api.w.org\/{rel}","templated":true}]}}