{"id":925,"date":"2023-01-18T12:24:36","date_gmt":"2023-01-18T11:24:36","guid":{"rendered":"https:\/\/kamille-levequejego.com\/?page_id=925"},"modified":"2023-01-31T09:29:18","modified_gmt":"2023-01-31T08:29:18","slug":"concepts-originaux","status":"publish","type":"page","link":"https:\/\/kamille-levequejego.com\/en\/commandes\/concepts-originaux\/","title":{"rendered":"Original Concepts"},"content":{"rendered":"<div data-elementor-type=\"wp-page\" data-elementor-id=\"925\" class=\"elementor elementor-925\">\n\t\t\t\t\t\t<section class=\"elementor-section elementor-top-section elementor-element elementor-element-f5164f6 elementor-section-content-middle elementor-section-height-min-height elementor-section-boxed elementor-section-height-default elementor-section-items-middle\" data-id=\"f5164f6\" data-element_type=\"section\">\n\t\t\t\t\t\t<div class=\"elementor-container elementor-column-gap-default\">\n\t\t\t\t\t<div class=\"elementor-column elementor-col-100 elementor-top-column elementor-element elementor-element-58550c5\" data-id=\"58550c5\" data-element_type=\"column\">\n\t\t\t<div class=\"elementor-widget-wrap elementor-element-populated\">\n\t\t\t\t\t\t<div class=\"elementor-element elementor-element-7227c46 elementor-widget elementor-widget-gallery\" data-id=\"7227c46\" data-element_type=\"widget\" data-settings=\"{&quot;gallery_layout&quot;:&quot;masonry&quot;,&quot;columns&quot;:3,&quot;gap&quot;:{&quot;unit&quot;:&quot;px&quot;,&quot;size&quot;:30,&quot;sizes&quot;:[]},&quot;gap_mobile&quot;:{&quot;unit&quot;:&quot;px&quot;,&quot;size&quot;:50,&quot;sizes&quot;:[]},&quot;lazyload&quot;:&quot;yes&quot;,&quot;columns_tablet&quot;:2,&quot;columns_mobile&quot;:1,&quot;gap_tablet&quot;:{&quot;unit&quot;:&quot;px&quot;,&quot;size&quot;:10,&quot;sizes&quot;:[]},&quot;link_to&quot;:&quot;file&quot;,&quot;overlay_background&quot;:&quot;yes&quot;,&quot;content_hover_animation&quot;:&quot;fade-in&quot;}\" data-widget_type=\"gallery.default\">\n\t\t\t\t<div class=\"elementor-widget-container\">\n\t\t\t\t\t\t\t<div class=\"elementor-gallery__container\">\n\t\t\t\t\t\t\t<a class=\"e-gallery-item elementor-gallery-item elementor-animated-content\" href=\"https:\/\/kamille-levequejego.com\/wp-content\/uploads\/2023\/01\/01_Cassandre-Bikeuse_KamilleLevequeJego.jpg\" data-elementor-open-lightbox=\"yes\" data-elementor-lightbox-slideshow=\"all-7227c46\" data-elementor-lightbox-title=\"Cassandre Bikeuse\" data-e-action-hash=\"#elementor-action%3Aaction%3Dlightbox%26settings%3DeyJpZCI6OTI3LCJ1cmwiOiJodHRwczpcL1wva2FtaWxsZS1sZXZlcXVlamVnby5jb21cL3dwLWNvbnRlbnRcL3VwbG9hZHNcLzIwMjNcLzAxXC8wMV9DYXNzYW5kcmUtQmlrZXVzZV9LYW1pbGxlTGV2ZXF1ZUplZ28uanBnIiwic2xpZGVzaG93IjoiYWxsLTcyMjdjNDYifQ%3D%3D\">\n\t\t\t\t\t<div class=\"e-gallery-image elementor-gallery-item__image\" data-thumbnail=\"https:\/\/kamille-levequejego.com\/wp-content\/uploads\/2023\/01\/01_Cassandre-Bikeuse_KamilleLevequeJego.jpg\" data-width=\"1281\" data-height=\"1920\" alt=\"Cassandre Bikeuse- Kamille Leveque Jego\" ><\/div>\n\t\t\t\t\t\t\t\t\t\t\t<div class=\"elementor-gallery-item__overlay\"><\/div>\n\t\t\t\t\t\t\t\t\t\t\t\t\t\t<\/a>\n\t\t\t\t\t\t\t<a class=\"e-gallery-item elementor-gallery-item elementor-animated-content\" href=\"https:\/\/kamille-levequejego.com\/wp-content\/uploads\/2023\/01\/02_Emma-Bikeuse_KamilleLevequeJego.jpg\" data-elementor-open-lightbox=\"yes\" data-elementor-lightbox-slideshow=\"all-7227c46\" data-elementor-lightbox-title=\"Emma Bikeuse\" data-e-action-hash=\"#elementor-action%3Aaction%3Dlightbox%26settings%3DeyJpZCI6OTMxLCJ1cmwiOiJodHRwczpcL1wva2FtaWxsZS1sZXZlcXVlamVnby5jb21cL3dwLWNvbnRlbnRcL3VwbG9hZHNcLzIwMjNcLzAxXC8wMl9FbW1hLUJpa2V1c2VfS2FtaWxsZUxldmVxdWVKZWdvLmpwZyIsInNsaWRlc2hvdyI6ImFsbC03MjI3YzQ2In0%3D\">\n\t\t\t\t\t<div class=\"e-gallery-image elementor-gallery-item__image\" data-thumbnail=\"https:\/\/kamille-levequejego.com\/wp-content\/uploads\/2023\/01\/02_Emma-Bikeuse_KamilleLevequeJego.jpg\" data-width=\"1166\" data-height=\"1920\" alt=\"Emma Bikeuse - Kamille Leveque Jego\" ><\/div>\n\t\t\t\t\t\t\t\t\t\t\t<div class=\"elementor-gallery-item__overlay\"><\/div>\n\t\t\t\t\t\t\t\t\t\t\t\t\t\t<\/a>\n\t\t\t\t\t\t\t<a class=\"e-gallery-item elementor-gallery-item elementor-animated-content\" href=\"https:\/\/kamille-levequejego.com\/wp-content\/uploads\/2023\/01\/03_Fuck-you_Bikeuse_KamilleLevequeJego.jpg\" data-elementor-open-lightbox=\"yes\" data-elementor-lightbox-slideshow=\"all-7227c46\" data-elementor-lightbox-title=\"Fuck you Bikeuse\" data-e-action-hash=\"#elementor-action%3Aaction%3Dlightbox%26settings%3DeyJpZCI6OTMyLCJ1cmwiOiJodHRwczpcL1wva2FtaWxsZS1sZXZlcXVlamVnby5jb21cL3dwLWNvbnRlbnRcL3VwbG9hZHNcLzIwMjNcLzAxXC8wM19GdWNrLXlvdV9CaWtldXNlX0thbWlsbGVMZXZlcXVlSmVnby5qcGciLCJzbGlkZXNob3ciOiJhbGwtNzIyN2M0NiJ9\">\n\t\t\t\t\t<div class=\"e-gallery-image elementor-gallery-item__image\" data-thumbnail=\"https:\/\/kamille-levequejego.com\/wp-content\/uploads\/2023\/01\/03_Fuck-you_Bikeuse_KamilleLevequeJego.jpg\" data-width=\"1920\" data-height=\"1280\" alt=\"Fuck You Bikeuse - Kamille Leveque Jego\" ><\/div>\n\t\t\t\t\t\t\t\t\t\t\t<div class=\"elementor-gallery-item__overlay\"><\/div>\n\t\t\t\t\t\t\t\t\t\t\t\t\t\t<\/a>\n\t\t\t\t\t\t\t<a class=\"e-gallery-item elementor-gallery-item elementor-animated-content\" href=\"https:\/\/kamille-levequejego.com\/wp-content\/uploads\/2023\/01\/04_Kam-Bikeuse_KamilleLevequeJego.jpg\" data-elementor-open-lightbox=\"yes\" data-elementor-lightbox-slideshow=\"all-7227c46\" data-elementor-lightbox-title=\"Kam Bikeuse\" data-e-action-hash=\"#elementor-action%3Aaction%3Dlightbox%26settings%3DeyJpZCI6OTMzLCJ1cmwiOiJodHRwczpcL1wva2FtaWxsZS1sZXZlcXVlamVnby5jb21cL3dwLWNvbnRlbnRcL3VwbG9hZHNcLzIwMjNcLzAxXC8wNF9LYW0tQmlrZXVzZV9LYW1pbGxlTGV2ZXF1ZUplZ28uanBnIiwic2xpZGVzaG93IjoiYWxsLTcyMjdjNDYifQ%3D%3D\">\n\t\t\t\t\t<div class=\"e-gallery-image elementor-gallery-item__image\" data-thumbnail=\"https:\/\/kamille-levequejego.com\/wp-content\/uploads\/2023\/01\/04_Kam-Bikeuse_KamilleLevequeJego.jpg\" data-width=\"1147\" data-height=\"1920\" alt=\"Kam Bikeuse - Kamille Leveque Jego\" ><\/div>\n\t\t\t\t\t\t\t\t\t\t\t<div class=\"elementor-gallery-item__overlay\"><\/div>\n\t\t\t\t\t\t\t\t\t\t\t\t\t\t<\/a>\n\t\t\t\t\t\t\t<a class=\"e-gallery-item elementor-gallery-item elementor-animated-content\" href=\"https:\/\/kamille-levequejego.com\/wp-content\/uploads\/2023\/01\/07_CDGJ-Fat_Digipack-int_KamilleLevequeJego.jpg\" data-elementor-open-lightbox=\"yes\" data-elementor-lightbox-slideshow=\"all-7227c46\" data-elementor-lightbox-title=\"CDGJ Fat Digipack\" data-e-action-hash=\"#elementor-action%3Aaction%3Dlightbox%26settings%3DeyJpZCI6OTM0LCJ1cmwiOiJodHRwczpcL1wva2FtaWxsZS1sZXZlcXVlamVnby5jb21cL3dwLWNvbnRlbnRcL3VwbG9hZHNcLzIwMjNcLzAxXC8wN19DREdKLUZhdF9EaWdpcGFjay1pbnRfS2FtaWxsZUxldmVxdWVKZWdvLmpwZyIsInNsaWRlc2hvdyI6ImFsbC03MjI3YzQ2In0%3D\">\n\t\t\t\t\t<div class=\"e-gallery-image elementor-gallery-item__image\" data-thumbnail=\"https:\/\/kamille-levequejego.com\/wp-content\/uploads\/2023\/01\/07_CDGJ-Fat_Digipack-int_KamilleLevequeJego.jpg\" data-width=\"1920\" data-height=\"577\" alt=\"CDGJ Fat Digipack int\u00e9rieur - Kamille Leveque Jego\" ><\/div>\n\t\t\t\t\t\t\t\t\t\t\t<div class=\"elementor-gallery-item__overlay\"><\/div>\n\t\t\t\t\t\t\t\t\t\t\t\t\t\t<\/a>\n\t\t\t\t\t\t\t<a class=\"e-gallery-item elementor-gallery-item elementor-animated-content\" href=\"https:\/\/kamille-levequejego.com\/wp-content\/uploads\/2023\/01\/12_CGJ_Album2_KamilleLevequeJego.jpg\" data-elementor-open-lightbox=\"yes\" data-elementor-lightbox-slideshow=\"all-7227c46\" data-elementor-lightbox-title=\"CGJ Album\" data-e-action-hash=\"#elementor-action%3Aaction%3Dlightbox%26settings%3DeyJpZCI6OTM1LCJ1cmwiOiJodHRwczpcL1wva2FtaWxsZS1sZXZlcXVlamVnby5jb21cL3dwLWNvbnRlbnRcL3VwbG9hZHNcLzIwMjNcLzAxXC8xMl9DR0pfQWxidW0yX0thbWlsbGVMZXZlcXVlSmVnby5qcGciLCJzbGlkZXNob3ciOiJhbGwtNzIyN2M0NiJ9\">\n\t\t\t\t\t<div class=\"e-gallery-image elementor-gallery-item__image\" data-thumbnail=\"https:\/\/kamille-levequejego.com\/wp-content\/uploads\/2023\/01\/12_CGJ_Album2_KamilleLevequeJego.jpg\" data-width=\"1920\" data-height=\"1920\" alt=\"CGJ Album 2 - Kamille Leveque Jego\" ><\/div>\n\t\t\t\t\t\t\t\t\t\t\t<div class=\"elementor-gallery-item__overlay\"><\/div>\n\t\t\t\t\t\t\t\t\t\t\t\t\t\t<\/a>\n\t\t\t\t\t\t\t<a class=\"e-gallery-item elementor-gallery-item elementor-animated-content\" href=\"https:\/\/kamille-levequejego.com\/wp-content\/uploads\/2023\/01\/14_Machinalis_Tarantulae_duo02_KamilleLevequeJego.jpg\" data-elementor-open-lightbox=\"yes\" data-elementor-lightbox-slideshow=\"all-7227c46\" data-elementor-lightbox-title=\"Machinalis Tarantulae\" data-e-action-hash=\"#elementor-action%3Aaction%3Dlightbox%26settings%3DeyJpZCI6OTM2LCJ1cmwiOiJodHRwczpcL1wva2FtaWxsZS1sZXZlcXVlamVnby5jb21cL3dwLWNvbnRlbnRcL3VwbG9hZHNcLzIwMjNcLzAxXC8xNF9NYWNoaW5hbGlzX1RhcmFudHVsYWVfZHVvMDJfS2FtaWxsZUxldmVxdWVKZWdvLmpwZyIsInNsaWRlc2hvdyI6ImFsbC03MjI3YzQ2In0%3D\">\n\t\t\t\t\t<div class=\"e-gallery-image elementor-gallery-item__image\" data-thumbnail=\"https:\/\/kamille-levequejego.com\/wp-content\/uploads\/2023\/01\/14_Machinalis_Tarantulae_duo02_KamilleLevequeJego.jpg\" data-width=\"1281\" data-height=\"1920\" alt=\"Duo Machinalis Tarantulae - Kamille Leveque Jego\" ><\/div>\n\t\t\t\t\t\t\t\t\t\t\t<div class=\"elementor-gallery-item__overlay\"><\/div>\n\t\t\t\t\t\t\t\t\t\t\t\t\t\t<\/a>\n\t\t\t\t\t\t\t<a class=\"e-gallery-item elementor-gallery-item elementor-animated-content\" href=\"https:\/\/kamille-levequejego.com\/wp-content\/uploads\/2023\/01\/16_Sculpture_Emeline_Applique2_KamilleLevequeJego.jpg\" data-elementor-open-lightbox=\"yes\" data-elementor-lightbox-slideshow=\"all-7227c46\" data-elementor-lightbox-title=\"Sculpture Emeline Atelier\" data-e-action-hash=\"#elementor-action%3Aaction%3Dlightbox%26settings%3DeyJpZCI6OTM3LCJ1cmwiOiJodHRwczpcL1wva2FtaWxsZS1sZXZlcXVlamVnby5jb21cL3dwLWNvbnRlbnRcL3VwbG9hZHNcLzIwMjNcLzAxXC8xNl9TY3VscHR1cmVfRW1lbGluZV9BcHBsaXF1ZTJfS2FtaWxsZUxldmVxdWVKZWdvLmpwZyIsInNsaWRlc2hvdyI6ImFsbC03MjI3YzQ2In0%3D\">\n\t\t\t\t\t<div class=\"e-gallery-image elementor-gallery-item__image\" data-thumbnail=\"https:\/\/kamille-levequejego.com\/wp-content\/uploads\/2023\/01\/16_Sculpture_Emeline_Applique2_KamilleLevequeJego.jpg\" data-width=\"1282\" data-height=\"1920\" alt=\"Sculpture Emeline Atelier - Kamille Leveque Jego\" ><\/div>\n\t\t\t\t\t\t\t\t\t\t\t<div class=\"elementor-gallery-item__overlay\"><\/div>\n\t\t\t\t\t\t\t\t\t\t\t\t\t\t<\/a>\n\t\t\t\t\t\t\t<a class=\"e-gallery-item elementor-gallery-item elementor-animated-content\" href=\"https:\/\/kamille-levequejego.com\/wp-content\/uploads\/2023\/01\/17_Sculpture_Emeline_Atelier_KamilleLevequeJego.jpg\" data-elementor-open-lightbox=\"yes\" data-elementor-lightbox-slideshow=\"all-7227c46\" data-elementor-lightbox-title=\"Sculpture Emeline Atelier\" data-e-action-hash=\"#elementor-action%3Aaction%3Dlightbox%26settings%3DeyJpZCI6OTM4LCJ1cmwiOiJodHRwczpcL1wva2FtaWxsZS1sZXZlcXVlamVnby5jb21cL3dwLWNvbnRlbnRcL3VwbG9hZHNcLzIwMjNcLzAxXC8xN19TY3VscHR1cmVfRW1lbGluZV9BdGVsaWVyX0thbWlsbGVMZXZlcXVlSmVnby5qcGciLCJzbGlkZXNob3ciOiJhbGwtNzIyN2M0NiJ9\">\n\t\t\t\t\t<div class=\"e-gallery-image elementor-gallery-item__image\" data-thumbnail=\"https:\/\/kamille-levequejego.com\/wp-content\/uploads\/2023\/01\/17_Sculpture_Emeline_Atelier_KamilleLevequeJego.jpg\" data-width=\"1920\" data-height=\"1281\" alt=\"Sculpture Emeline Atelier - Kamille Leveque Jego\" ><\/div>\n\t\t\t\t\t\t\t\t\t\t\t<div class=\"elementor-gallery-item__overlay\"><\/div>\n\t\t\t\t\t\t\t\t\t\t\t\t\t\t<\/a>\n\t\t\t\t\t<\/div>\n\t\t\t\t\t<\/div>\n\t\t\t\t<\/div>\n\t\t\t\t\t<\/div>\n\t\t<\/div>\n\t\t\t\t\t<\/div>\n\t\t<\/section>\n\t\t\t\t<section class=\"elementor-section elementor-top-section elementor-element elementor-element-202e5b3 elementor-section-boxed elementor-section-height-default elementor-section-height-default\" data-id=\"202e5b3\" data-element_type=\"section\" data-settings=\"{&quot;background_background&quot;:&quot;classic&quot;}\">\n\t\t\t\t\t\t<div class=\"elementor-container elementor-column-gap-default\">\n\t\t\t\t\t<div class=\"elementor-column elementor-col-100 elementor-top-column elementor-element elementor-element-89a82a1\" data-id=\"89a82a1\" data-element_type=\"column\">\n\t\t\t<div class=\"elementor-widget-wrap elementor-element-populated\">\n\t\t\t\t\t\t<div class=\"elementor-element elementor-element-0d3b98f elementor-widget elementor-widget-html\" data-id=\"0d3b98f\" data-element_type=\"widget\" data-widget_type=\"html.default\">\n\t\t\t\t<div class=\"elementor-widget-container\">\n\t\t\t\t\t<div class=\"openbtn-container\">\n    <a href=\"javascript:void(0)\" class=\"openbtn\" onclick=\"openNav()\">\n        <img decoding=\"async\" src=\"http:\/\/kamille-levequejego.com\/wp-content\/uploads\/2023\/01\/open_mode_S.png\">\n    <\/a>\n<\/div>\t\t\t\t<\/div>\n\t\t\t\t<\/div>\n\t\t\t\t\t<\/div>\n\t\t<\/div>\n\t\t\t\t\t<\/div>\n\t\t<\/section>\n\t\t\t\t<section class=\"elementor-section elementor-top-section elementor-element elementor-element-9e31df2 elementor-section-full_width sidepanel side-gris side-closed elementor-section-height-default elementor-section-height-default\" data-id=\"9e31df2\" data-element_type=\"section\" id=\"mySidepanel\" data-settings=\"{&quot;background_background&quot;:&quot;classic&quot;}\">\n\t\t\t\t\t\t<div class=\"elementor-container elementor-column-gap-default\">\n\t\t\t\t\t<div class=\"elementor-column elementor-col-100 elementor-top-column elementor-element elementor-element-679ad75\" data-id=\"679ad75\" data-element_type=\"column\">\n\t\t\t<div class=\"elementor-widget-wrap elementor-element-populated\">\n\t\t\t\t\t\t<div class=\"elementor-element elementor-element-56b9839 elementor-widget elementor-widget-html\" data-id=\"56b9839\" data-element_type=\"widget\" data-widget_type=\"html.default\">\n\t\t\t\t<div class=\"elementor-widget-container\">\n\t\t\t\t\t<div class=\"closebtn-container\">\n    <a href=\"javascript:void(0)\" class=\"closebtn\" onclick=\"closeNav()\">\n        <img decoding=\"async\" src=\"http:\/\/kamille-levequejego.com\/wp-content\/uploads\/2023\/01\/close_mode_S.png\">\n    <\/a>\n<\/div>\n<script>\nfunction openNav() {\n  let sidebar = document.getElementById(\"mySidepanel\");\n  if (\/Android|iPhone\/i.test(navigator.userAgent)) {\n    sidebar.style.width = \"100%\";\n  } else {\n    sidebar.style.width = \"350px\";\n  }\n  sidebar.classList.add(\"side-opened\");\n  sidebar.classList.remove(\"side-closed\");\n}\nfunction closeNav() {\n  let sidebar = document.getElementById(\"mySidepanel\");\n  sidebar.classList.add(\"side-closed\");\n  sidebar.classList.remove(\"side-opened\");\n}\nif (!\/Android|iPhone\/i.test(navigator.userAgent)) {\n  window.onload = function() {\n    openNav();\n  };\n}\n<\/script>\t\t\t\t<\/div>\n\t\t\t\t<\/div>\n\t\t\t\t<div class=\"elementor-element elementor-element-5af1b3c elementor-widget elementor-widget-text-editor\" data-id=\"5af1b3c\" data-element_type=\"widget\" data-widget_type=\"text-editor.default\">\n\t\t\t\t<div class=\"elementor-widget-container\">\n\t\t\t\t\t\t\t\t\t<p>Fashion \/ Branding \/ Artist\u2019s Portraits \/ Graphic design \/ Original Concept \/ Exclusives Cr\u00e9ations \/ Production.<br \/>Active on \u00cele-de-France and Toulouse.<\/p>\t\t\t\t\t\t\t\t<\/div>\n\t\t\t\t<\/div>\n\t\t\t\t<div class=\"elementor-element elementor-element-eeb9c62 elementor-widget elementor-widget-heading\" data-id=\"eeb9c62\" data-element_type=\"widget\" data-widget_type=\"heading.default\">\n\t\t\t\t<div class=\"elementor-widget-container\">\n\t\t\t\t\t<h2 class=\"elementor-heading-title elementor-size-default\"><a href=\"https:\/\/kamille-levequejego.com\/en\/contact\/\">Contact<\/a><\/h2>\t\t\t\t<\/div>\n\t\t\t\t<\/div>\n\t\t\t\t\t<\/div>\n\t\t<\/div>\n\t\t\t\t\t<\/div>\n\t\t<\/section>\n\t\t\t\t<\/div>","protected":false},"excerpt":{"rendered":"<p>Mode \/ Branding de cr\u00e9ateurs \/ Portraits d\u2019artistes \/ Conception graphique \/ Cr\u00e9ations originales \/ Cr\u00e9ations exclusives \/ Direction artistique \/ Production.\u00cele de France et Toulouse. Contact<\/p>","protected":false},"author":1,"featured_media":0,"parent":908,"menu_order":0,"comment_status":"closed","ping_status":"closed","template":"","meta":{"footnotes":""},"class_list":["post-925","page","type-page","status-publish","hentry"],"yoast_head":"<!-- This site is optimized with the Yoast SEO plugin v20.1 - https:\/\/yoast.com\/wordpress\/plugins\/seo\/ -->\n<title>Concepts originaux | Kamille L\u00e9v\u00eaque J\u00e9go - Artiste Photographe<\/title>\n<meta name=\"robots\" content=\"index, follow, max-snippet:-1, max-image-preview:large, max-video-preview:-1\" \/>\n<link rel=\"canonical\" href=\"https:\/\/kamille-levequejego.com\/en\/commandes\/concepts-originaux\/\" \/>\n<meta property=\"og:locale\" content=\"en_US\" \/>\n<meta property=\"og:type\" content=\"article\" \/>\n<meta property=\"og:title\" content=\"Concepts originaux | Kamille L\u00e9v\u00eaque J\u00e9go - Artiste Photographe\" \/>\n<meta property=\"og:description\" content=\"Mode \/ Branding de cr\u00e9ateurs \/ Portraits d\u2019artistes \/ Conception graphique \/ Cr\u00e9ations originales \/ Cr\u00e9ations exclusives \/ Direction artistique \/ Production.\u00cele de France et Toulouse. Contact\" \/>\n<meta property=\"og:url\" content=\"https:\/\/kamille-levequejego.com\/en\/commandes\/concepts-originaux\/\" \/>\n<meta property=\"og:site_name\" content=\"Kamille L\u00e9v\u00eaque J\u00e9go - Artiste Photographe\" \/>\n<meta property=\"article:publisher\" content=\"https:\/\/www.facebook.com\/k.levequejego\/?locale=fr_FR\" \/>\n<meta property=\"article:modified_time\" content=\"2023-01-31T08:29:18+00:00\" \/>\n<meta property=\"og:image\" content=\"https:\/\/kamille-levequejego.com\/wp-content\/uploads\/2023\/01\/open_mode_S.png\" \/>\n<meta name=\"twitter:card\" content=\"summary_large_image\" \/>\n<script type=\"application\/ld+json\" class=\"yoast-schema-graph\">{\"@context\":\"https:\/\/schema.org\",\"@graph\":[{\"@type\":\"WebPage\",\"@id\":\"https:\/\/kamille-levequejego.com\/commandes\/concepts-originaux\/\",\"url\":\"https:\/\/kamille-levequejego.com\/commandes\/concepts-originaux\/\",\"name\":\"Concepts originaux | Kamille L\u00e9v\u00eaque J\u00e9go - Artiste Photographe\",\"isPartOf\":{\"@id\":\"https:\/\/kamille-levequejego.com\/#website\"},\"datePublished\":\"2023-01-18T11:24:36+00:00\",\"dateModified\":\"2023-01-31T08:29:18+00:00\",\"breadcrumb\":{\"@id\":\"https:\/\/kamille-levequejego.com\/commandes\/concepts-originaux\/#breadcrumb\"},\"inLanguage\":\"en-US\",\"potentialAction\":[{\"@type\":\"ReadAction\",\"target\":[\"https:\/\/kamille-levequejego.com\/commandes\/concepts-originaux\/\"]}]},{\"@type\":\"BreadcrumbList\",\"@id\":\"https:\/\/kamille-levequejego.com\/commandes\/concepts-originaux\/#breadcrumb\",\"itemListElement\":[{\"@type\":\"ListItem\",\"position\":1,\"name\":\"Accueil\",\"item\":\"https:\/\/kamille-levequejego.com\/\"},{\"@type\":\"ListItem\",\"position\":2,\"name\":\"Commandes\",\"item\":\"https:\/\/kamille-levequejego.com\/commandes\/\"},{\"@type\":\"ListItem\",\"position\":3,\"name\":\"Concepts originaux\"}]},{\"@type\":\"WebSite\",\"@id\":\"https:\/\/kamille-levequejego.com\/#website\",\"url\":\"https:\/\/kamille-levequejego.com\/\",\"name\":\"Kamille L\u00e9v\u00eaque J\u00e9go - Artiste Photographe\",\"description\":\"\",\"publisher\":{\"@id\":\"https:\/\/kamille-levequejego.com\/#organization\"},\"potentialAction\":[{\"@type\":\"SearchAction\",\"target\":{\"@type\":\"EntryPoint\",\"urlTemplate\":\"https:\/\/kamille-levequejego.com\/?s={search_term_string}\"},\"query-input\":\"required name=search_term_string\"}],\"inLanguage\":\"en-US\"},{\"@type\":\"Organization\",\"@id\":\"https:\/\/kamille-levequejego.com\/#organization\",\"name\":\"Kamille L\u00e9v\u00eaque J\u00e9go\",\"url\":\"https:\/\/kamille-levequejego.com\/\",\"logo\":{\"@type\":\"ImageObject\",\"inLanguage\":\"en-US\",\"@id\":\"https:\/\/kamille-levequejego.com\/#\/schema\/logo\/image\/\",\"url\":\"https:\/\/kamille-levequejego.com\/wp-content\/uploads\/2023\/02\/logo-kamille-levequejego_gris.png\",\"contentUrl\":\"https:\/\/kamille-levequejego.com\/wp-content\/uploads\/2023\/02\/logo-kamille-levequejego_gris.png\",\"width\":328,\"height\":396,\"caption\":\"Kamille L\u00e9v\u00eaque J\u00e9go\"},\"image\":{\"@id\":\"https:\/\/kamille-levequejego.com\/#\/schema\/logo\/image\/\"},\"sameAs\":[\"https:\/\/www.facebook.com\/k.levequejego\/?locale=fr_FR\",\"https:\/\/www.instagram.com\/kamille_levequejego\/?hl=fr\"]}]}<\/script>\n<!-- \/ Yoast SEO plugin. -->","yoast_head_json":{"title":"Concepts originaux | Kamille L\u00e9v\u00eaque J\u00e9go - Artiste Photographe","robots":{"index":"index","follow":"follow","max-snippet":"max-snippet:-1","max-image-preview":"max-image-preview:large","max-video-preview":"max-video-preview:-1"},"canonical":"https:\/\/kamille-levequejego.com\/en\/commandes\/concepts-originaux\/","og_locale":"en_US","og_type":"article","og_title":"Concepts originaux | Kamille L\u00e9v\u00eaque J\u00e9go - Artiste Photographe","og_description":"Mode \/ Branding de cr\u00e9ateurs \/ Portraits d\u2019artistes \/ Conception graphique \/ Cr\u00e9ations originales \/ Cr\u00e9ations exclusives \/ Direction artistique \/ Production.\u00cele de France et Toulouse. Contact","og_url":"https:\/\/kamille-levequejego.com\/en\/commandes\/concepts-originaux\/","og_site_name":"Kamille L\u00e9v\u00eaque J\u00e9go - Artiste Photographe","article_publisher":"https:\/\/www.facebook.com\/k.levequejego\/?locale=fr_FR","article_modified_time":"2023-01-31T08:29:18+00:00","og_image":[{"url":"https:\/\/kamille-levequejego.com\/wp-content\/uploads\/2023\/01\/open_mode_S.png"}],"twitter_card":"summary_large_image","schema":{"@context":"https:\/\/schema.org","@graph":[{"@type":"WebPage","@id":"https:\/\/kamille-levequejego.com\/commandes\/concepts-originaux\/","url":"https:\/\/kamille-levequejego.com\/commandes\/concepts-originaux\/","name":"Concepts originaux | Kamille L\u00e9v\u00eaque J\u00e9go - Artiste Photographe","isPartOf":{"@id":"https:\/\/kamille-levequejego.com\/#website"},"datePublished":"2023-01-18T11:24:36+00:00","dateModified":"2023-01-31T08:29:18+00:00","breadcrumb":{"@id":"https:\/\/kamille-levequejego.com\/commandes\/concepts-originaux\/#breadcrumb"},"inLanguage":"en-US","potentialAction":[{"@type":"ReadAction","target":["https:\/\/kamille-levequejego.com\/commandes\/concepts-originaux\/"]}]},{"@type":"BreadcrumbList","@id":"https:\/\/kamille-levequejego.com\/commandes\/concepts-originaux\/#breadcrumb","itemListElement":[{"@type":"ListItem","position":1,"name":"Accueil","item":"https:\/\/kamille-levequejego.com\/"},{"@type":"ListItem","position":2,"name":"Commandes","item":"https:\/\/kamille-levequejego.com\/commandes\/"},{"@type":"ListItem","position":3,"name":"Concepts originaux"}]},{"@type":"WebSite","@id":"https:\/\/kamille-levequejego.com\/#website","url":"https:\/\/kamille-levequejego.com\/","name":"Kamille L\u00e9v\u00eaque J\u00e9go - Artiste Photographe","description":"","publisher":{"@id":"https:\/\/kamille-levequejego.com\/#organization"},"potentialAction":[{"@type":"SearchAction","target":{"@type":"EntryPoint","urlTemplate":"https:\/\/kamille-levequejego.com\/?s={search_term_string}"},"query-input":"required name=search_term_string"}],"inLanguage":"en-US"},{"@type":"Organization","@id":"https:\/\/kamille-levequejego.com\/#organization","name":"Kamille L\u00e9v\u00eaque J\u00e9go","url":"https:\/\/kamille-levequejego.com\/","logo":{"@type":"ImageObject","inLanguage":"en-US","@id":"https:\/\/kamille-levequejego.com\/#\/schema\/logo\/image\/","url":"https:\/\/kamille-levequejego.com\/wp-content\/uploads\/2023\/02\/logo-kamille-levequejego_gris.png","contentUrl":"https:\/\/kamille-levequejego.com\/wp-content\/uploads\/2023\/02\/logo-kamille-levequejego_gris.png","width":328,"height":396,"caption":"Kamille L\u00e9v\u00eaque J\u00e9go"},"image":{"@id":"https:\/\/kamille-levequejego.com\/#\/schema\/logo\/image\/"},"sameAs":["https:\/\/www.facebook.com\/k.levequejego\/?locale=fr_FR","https:\/\/www.instagram.com\/kamille_levequejego\/?hl=fr"]}]}},"_links":{"self":[{"href":"https:\/\/kamille-levequejego.com\/en\/wp-json\/wp\/v2\/pages\/925","targetHints":{"allow":["GET"]}}],"collection":[{"href":"https:\/\/kamille-levequejego.com\/en\/wp-json\/wp\/v2\/pages"}],"about":[{"href":"https:\/\/kamille-levequejego.com\/en\/wp-json\/wp\/v2\/types\/page"}],"author":[{"embeddable":true,"href":"https:\/\/kamille-levequejego.com\/en\/wp-json\/wp\/v2\/users\/1"}],"replies":[{"embeddable":true,"href":"https:\/\/kamille-levequejego.com\/en\/wp-json\/wp\/v2\/comments?post=925"}],"version-history":[{"count":64,"href":"https:\/\/kamille-levequejego.com\/en\/wp-json\/wp\/v2\/pages\/925\/revisions"}],"predecessor-version":[{"id":1741,"href":"https:\/\/kamille-levequejego.com\/en\/wp-json\/wp\/v2\/pages\/925\/revisions\/1741"}],"up":[{"embeddable":true,"href":"https:\/\/kamille-levequejego.com\/en\/wp-json\/wp\/v2\/pages\/908"}],"wp:attachment":[{"href":"https:\/\/kamille-levequejego.com\/en\/wp-json\/wp\/v2\/media?parent=925"}],"curies":[{"name":"wp","href":"https:\/\/api.w.org\/{rel}","templated":true}]}}